{"id":12451,"date":"2026-04-02T21:28:32","date_gmt":"2026-04-02T19:28:32","guid":{"rendered":"https:\/\/troypetshop.com\/product\/laisse-solide-pour-chiens\/"},"modified":"2026-04-02T21:28:32","modified_gmt":"2026-04-02T19:28:32","slug":"laisse-solide-pour-chiens","status":"publish","type":"product","link":"https:\/\/troypetshop.com\/fr\/product\/laisse-solide-pour-chiens\/","title":{"rendered":"Laisse solide pour chiens"},"content":{"rendered":"","protected":false},"excerpt":{"rendered":"<p><span dir=\"auto\">Laisse pour chien TrueLove<\/span><\/p>\n<ul>\n<li><span dir=\"auto\">Il est robuste et de haute qualit\u00e9<\/span><\/li>\n<li><span dir=\"auto\">Nylon r\u00e9fl\u00e9chissant Alliage d&rsquo;aluminium<\/span><\/li>\n<li><span dir=\"auto\">  Crochet Anneau en D en acier inoxydable<\/span><\/li>\n<li><span dir=\"auto\">  Poign\u00e9e en n\u00e9opr\u00e8ne<\/span><\/li>\n<li>Longueur = 120 cm, Diam\u00e8tre = 1,2 cm<\/li>\n<li>Le corps est tiss\u00e9 avec du nylon fluorescent r\u00e9fl\u00e9chissant pour am\u00e9liorer la visibilit\u00e9 de la laisse dans l&rsquo;obscurit\u00e9.<\/li>\n<\/ul>\n","protected":false},"featured_media":12446,"comment_status":"open","ping_status":"closed","template":"","meta":[],"product_brand":[],"product_cat":[1022,1023,1041],"product_tag":[1090,3072,3071,1042,1089,1094,3070],"class_list":{"0":"post-12451","1":"product","2":"type-product","3":"status-publish","4":"has-post-thumbnail","6":"product_cat-chien","7":"product_cat-colliers-et-laisses-pour-chiens","8":"product_cat-laisses-pour-chiens","9":"product_tag-chien","10":"product_tag-fluorescent","11":"product_tag-fort","12":"product_tag-laisse","13":"product_tag-nylon-fr","14":"product_tag-reflechissant","15":"product_tag-truelove","16":"post","17":"post-with-thumbnail","18":"post-with-thumbnail-large","20":"first","21":"instock","22":"sale","23":"taxable","24":"shipping-taxable","25":"purchasable","26":"product-type-simple"},"_links":{"self":[{"href":"https:\/\/troypetshop.com\/fr\/wp-json\/wp\/v2\/product\/12451","targetHints":{"allow":["GET"]}}],"collection":[{"href":"https:\/\/troypetshop.com\/fr\/wp-json\/wp\/v2\/product"}],"about":[{"href":"https:\/\/troypetshop.com\/fr\/wp-json\/wp\/v2\/types\/product"}],"replies":[{"embeddable":true,"href":"https:\/\/troypetshop.com\/fr\/wp-json\/wp\/v2\/comments?post=12451"}],"wp:featuredmedia":[{"embeddable":true,"href":"https:\/\/troypetshop.com\/fr\/wp-json\/wp\/v2\/media\/12446"}],"wp:attachment":[{"href":"https:\/\/troypetshop.com\/fr\/wp-json\/wp\/v2\/media?parent=12451"}],"wp:term":[{"taxonomy":"product_brand","embeddable":true,"href":"https:\/\/troypetshop.com\/fr\/wp-json\/wp\/v2\/product_brand?post=12451"},{"taxonomy":"product_cat","embeddable":true,"href":"https:\/\/troypetshop.com\/fr\/wp-json\/wp\/v2\/product_cat?post=12451"},{"taxonomy":"product_tag","embeddable":true,"href":"https:\/\/troypetshop.com\/fr\/wp-json\/wp\/v2\/product_tag?post=12451"}],"curies":[{"name":"wp","href":"https:\/\/api.w.org\/{rel}","templated":true}]}}