{"id":12502,"date":"2026-04-03T16:38:12","date_gmt":"2026-04-03T14:38:12","guid":{"rendered":"https:\/\/troypetshop.com\/product\/porte-animaux-pour-console-de-voiture\/"},"modified":"2026-04-03T22:46:09","modified_gmt":"2026-04-03T20:46:09","slug":"porte-animaux-pour-console-de-voiture","status":"publish","type":"product","link":"https:\/\/troypetshop.com\/fr\/product\/porte-animaux-pour-console-de-voiture\/","title":{"rendered":"Porte-animaux pour console de voiture"},"content":{"rendered":"","protected":false},"excerpt":{"rendered":"[playlist type=\"video\" ids=\"12467\"]\n<p>Sac de voyage pour animaux de compagnie &#8211; Porte-b\u00e9b\u00e9 et si\u00e8ge pour voiture<\/p>\n<ul>\n<li>Convient aux animaux de petite et moyenne taille<\/li>\n<li>Bonne qualit\u00e9, int\u00e9rieur super doux avec un fond durci. Il y a un coussin doux \u00e0 l&rsquo;int\u00e9rieur. <\/li>\n<li>Il est d\u00e9montable, ce qui le rend facile \u00e0 laver.<\/li>\n<li>Vous pouvez attacher le chien par le harnais ou le collier.<\/li>\n<\/ul>\n","protected":false},"featured_media":12493,"comment_status":"open","ping_status":"closed","template":"","meta":[],"product_brand":[],"product_cat":[1101,1077,1148,1149,1491,2340],"product_tag":[1092,3086,3085,3084,1439],"class_list":{"0":"post-12502","1":"product","2":"type-product","3":"status-publish","4":"has-post-thumbnail","6":"product_cat-accessoires-pour-chats-et-chiens","7":"product_cat-cat-fr","8":"product_cat-lits","9":"product_cat-lits-et-maisons-pour-chiens","10":"product_cat-porteurs-danimaux","11":"product_cat-siege-de-voiture","12":"product_tag-animal-de-compagnie","13":"product_tag-console-centrale-de-voiture","14":"product_tag-sac-de-voyage","15":"product_tag-siege","16":"product_tag-transporteur","17":"post","18":"post-with-thumbnail","19":"post-with-thumbnail-large","21":"first","22":"instock","23":"sale","24":"taxable","25":"shipping-taxable","26":"purchasable","27":"product-type-simple"},"_links":{"self":[{"href":"https:\/\/troypetshop.com\/fr\/wp-json\/wp\/v2\/product\/12502","targetHints":{"allow":["GET"]}}],"collection":[{"href":"https:\/\/troypetshop.com\/fr\/wp-json\/wp\/v2\/product"}],"about":[{"href":"https:\/\/troypetshop.com\/fr\/wp-json\/wp\/v2\/types\/product"}],"replies":[{"embeddable":true,"href":"https:\/\/troypetshop.com\/fr\/wp-json\/wp\/v2\/comments?post=12502"}],"wp:featuredmedia":[{"embeddable":true,"href":"https:\/\/troypetshop.com\/fr\/wp-json\/wp\/v2\/media\/12493"}],"wp:attachment":[{"href":"https:\/\/troypetshop.com\/fr\/wp-json\/wp\/v2\/media?parent=12502"}],"wp:term":[{"taxonomy":"product_brand","embeddable":true,"href":"https:\/\/troypetshop.com\/fr\/wp-json\/wp\/v2\/product_brand?post=12502"},{"taxonomy":"product_cat","embeddable":true,"href":"https:\/\/troypetshop.com\/fr\/wp-json\/wp\/v2\/product_cat?post=12502"},{"taxonomy":"product_tag","embeddable":true,"href":"https:\/\/troypetshop.com\/fr\/wp-json\/wp\/v2\/product_tag?post=12502"}],"curies":[{"name":"wp","href":"https:\/\/api.w.org\/{rel}","templated":true}]}}