{"id":5985,"date":"2024-03-18T15:26:40","date_gmt":"2024-03-18T14:26:40","guid":{"rendered":"http:\/\/troypetshop.com\/product\/colliers-stardust\/"},"modified":"2026-02-28T16:52:28","modified_gmt":"2026-02-28T15:52:28","slug":"colliers-stardust","status":"publish","type":"product","link":"https:\/\/troypetshop.com\/fr\/product\/colliers-stardust\/","title":{"rendered":"Colliers Stardust"},"content":{"rendered":"","protected":false},"excerpt":{"rendered":"<p>Ces colliers sont destin\u00e9s aux chats et aux petits chiens et sont r\u00e9glables pour assurer un confort parfait \u00e0 votre animal. En outre, leurs couleurs vives leur conf\u00e8rent un aspect distinctif.<\/p>\n<p><strong>Veuillez s\u00e9lectionner l&rsquo;option de couleur avant d&rsquo;ajouter au panier.<\/strong><\/p>\n<p>Dimensions : 1 x 30 cm<\/p>\n<p>Largeur 1 cm &#8211; Plus courte 22 cm, plus longue 27 cm.<\/p>\n","protected":false},"featured_media":4961,"comment_status":"open","ping_status":"closed","template":"","meta":[],"product_brand":[],"product_cat":[1022,1023,1024,1026,1025,458],"product_tag":[1027],"class_list":{"0":"post-5985","1":"product","2":"type-product","3":"status-publish","4":"has-post-thumbnail","6":"product_cat-chien","7":"product_cat-colliers-et-laisses-pour-chiens","8":"product_cat-colliers-pour-chats","9":"product_cat-colliers-pour-chats-fr","10":"product_cat-cols-dencolure","11":"product_cat-nos-produits","12":"product_tag-collier","13":"post","14":"post-with-thumbnail","15":"post-with-thumbnail-large","17":"first","18":"outofstock","19":"sale","20":"taxable","21":"shipping-taxable","22":"purchasable","23":"product-type-variable"},"_links":{"self":[{"href":"https:\/\/troypetshop.com\/fr\/wp-json\/wp\/v2\/product\/5985","targetHints":{"allow":["GET"]}}],"collection":[{"href":"https:\/\/troypetshop.com\/fr\/wp-json\/wp\/v2\/product"}],"about":[{"href":"https:\/\/troypetshop.com\/fr\/wp-json\/wp\/v2\/types\/product"}],"replies":[{"embeddable":true,"href":"https:\/\/troypetshop.com\/fr\/wp-json\/wp\/v2\/comments?post=5985"}],"wp:featuredmedia":[{"embeddable":true,"href":"https:\/\/troypetshop.com\/fr\/wp-json\/wp\/v2\/media\/4961"}],"wp:attachment":[{"href":"https:\/\/troypetshop.com\/fr\/wp-json\/wp\/v2\/media?parent=5985"}],"wp:term":[{"taxonomy":"product_brand","embeddable":true,"href":"https:\/\/troypetshop.com\/fr\/wp-json\/wp\/v2\/product_brand?post=5985"},{"taxonomy":"product_cat","embeddable":true,"href":"https:\/\/troypetshop.com\/fr\/wp-json\/wp\/v2\/product_cat?post=5985"},{"taxonomy":"product_tag","embeddable":true,"href":"https:\/\/troypetshop.com\/fr\/wp-json\/wp\/v2\/product_tag?post=5985"}],"curies":[{"name":"wp","href":"https:\/\/api.w.org\/{rel}","templated":true}]}}