{"id":6003,"date":"2024-02-26T20:08:00","date_gmt":"2024-02-26T19:08:00","guid":{"rendered":"http:\/\/troypetshop.com\/product\/laisse-de-promenade-pour-chien-souple\/"},"modified":"2026-02-28T16:52:29","modified_gmt":"2026-02-28T15:52:29","slug":"laisse-de-promenade-pour-chien-souple","status":"publish","type":"product","link":"https:\/\/troypetshop.com\/fr\/product\/laisse-de-promenade-pour-chien-souple\/","title":{"rendered":"Laisse de promenade pour chien souple"},"content":{"rendered":"","protected":false},"excerpt":{"rendered":"<p>Nos harnais de marche sont fabriqu\u00e9s \u00e0 100% \u00e0 la main \u00e0 partir de tissus souples de haute qualit\u00e9 et de mat\u00e9riaux durables.<br \/>\nLa zone de pr\u00e9hension du harnais est l\u00e9g\u00e8rement textur\u00e9e pour offrir une prise confortable et ferme.<br \/>\nLes mat\u00e9riaux utilis\u00e9s sont de la plus haute qualit\u00e9 pour une plus grande durabilit\u00e9 et les accessoires m\u00e9talliques sont nickel\u00e9s.<br \/>\nAttention : Nous recommandons que la largeur du harnais de marche soit la m\u00eame que celle du collier de cou et de poitrine que vous choisissez. Ne laissez jamais votre chien attach\u00e9.<br \/>\nMerci de vous soucier de la s\u00e9curit\u00e9 de votre chien !<\/p>\n<p>Longueur = 120 cm et largeur de la laisse : 1,5 cm &#8211; 2,0 cm &#8211; 2,5 cm<\/p>\n<p><strong>Veuillez s\u00e9lectionner la couleur et la largeur avant d&rsquo;ajouter au panier. <\/strong><\/p>\n<p id=\"title\" class=\"a-size-large a-spacing-none\">\n","protected":false},"featured_media":4859,"comment_status":"open","ping_status":"closed","template":"","meta":[],"product_brand":[],"product_cat":[1022,1023,1041,458],"product_tag":[1042,1043,1044],"class_list":{"0":"post-6003","1":"product","2":"type-product","3":"status-publish","4":"has-post-thumbnail","6":"product_cat-chien","7":"product_cat-colliers-et-laisses-pour-chiens","8":"product_cat-laisses-pour-chiens","9":"product_cat-nos-produits","10":"product_tag-laisse","11":"product_tag-longue-marche","12":"product_tag-polyester-souple","13":"post","14":"post-with-thumbnail","15":"post-with-thumbnail-large","17":"first","18":"outofstock","19":"taxable","20":"shipping-taxable","21":"product-type-variable","22":"has-default-attributes"},"_links":{"self":[{"href":"https:\/\/troypetshop.com\/fr\/wp-json\/wp\/v2\/product\/6003","targetHints":{"allow":["GET"]}}],"collection":[{"href":"https:\/\/troypetshop.com\/fr\/wp-json\/wp\/v2\/product"}],"about":[{"href":"https:\/\/troypetshop.com\/fr\/wp-json\/wp\/v2\/types\/product"}],"replies":[{"embeddable":true,"href":"https:\/\/troypetshop.com\/fr\/wp-json\/wp\/v2\/comments?post=6003"}],"wp:featuredmedia":[{"embeddable":true,"href":"https:\/\/troypetshop.com\/fr\/wp-json\/wp\/v2\/media\/4859"}],"wp:attachment":[{"href":"https:\/\/troypetshop.com\/fr\/wp-json\/wp\/v2\/media?parent=6003"}],"wp:term":[{"taxonomy":"product_brand","embeddable":true,"href":"https:\/\/troypetshop.com\/fr\/wp-json\/wp\/v2\/product_brand?post=6003"},{"taxonomy":"product_cat","embeddable":true,"href":"https:\/\/troypetshop.com\/fr\/wp-json\/wp\/v2\/product_cat?post=6003"},{"taxonomy":"product_tag","embeddable":true,"href":"https:\/\/troypetshop.com\/fr\/wp-json\/wp\/v2\/product_tag?post=6003"}],"curies":[{"name":"wp","href":"https:\/\/api.w.org\/{rel}","templated":true}]}}