{"id":6016,"date":"2024-02-24T13:47:26","date_gmt":"2024-02-24T12:47:26","guid":{"rendered":"http:\/\/troypetshop.com\/product\/collier-de-poitrine-pour-chien-souple\/"},"modified":"2026-02-28T16:52:29","modified_gmt":"2026-02-28T15:52:29","slug":"collier-de-poitrine-pour-chien-souple","status":"publish","type":"product","link":"https:\/\/troypetshop.com\/fr\/product\/collier-de-poitrine-pour-chien-souple\/","title":{"rendered":"Collier de poitrine pour chien souple"},"content":{"rendered":"","protected":false},"excerpt":{"rendered":"<ul>\n<li>Collier de poitrine r\u00e9glable pour chien.<\/li>\n<li>Le harnais de notre soci\u00e9t\u00e9 est un harnais pour chien fabriqu\u00e9 en tissu souple de qualit\u00e9 et en mat\u00e9riaux durables, jusqu&rsquo;\u00e0 100% de fabrication artisanale.<\/li>\n<li>L&rsquo;int\u00e9rieur du collier est dot\u00e9 d&rsquo;une texture souple qui permet d&rsquo;envelopper en douceur le poitrail et le cou de votre chien.<\/li>\n<li>Les mat\u00e9riaux utilis\u00e9s sont de la plus haute qualit\u00e9 pour une plus grande durabilit\u00e9 et les accessoires m\u00e9talliques sont nickel\u00e9s.<\/li>\n<li>En outre, une boucle en plastique tr\u00e8s r\u00e9sistante est incluse pour faciliter la mise en place et le retrait du collier. Cette boucle \u00e0 clip vous permettra d&rsquo;attacher et de d\u00e9tacher la laisse rapidement et en toute s\u00e9curit\u00e9, et r\u00e9pondra \u00e0 toutes les normes dont vous pourriez avoir besoin.<\/li>\n<li>Disponible en noir, orange, bleu marine et rouge.<\/li>\n<li>La sangle de marche doit \u00eatre command\u00e9e s\u00e9par\u00e9ment.<\/li>\n<\/ul>\n<p><strong>Veuillez s\u00e9lectionner les options de couleur et de taille avant d&rsquo;ajouter au panier. <\/strong><\/p>\n","protected":false},"featured_media":4847,"comment_status":"open","ping_status":"closed","template":"","meta":[],"product_brand":[],"product_cat":[1022,1052],"product_tag":[1027,1053,1044,1054],"class_list":{"0":"post-6016","1":"product","2":"type-product","3":"status-publish","4":"has-post-thumbnail","6":"product_cat-chien","7":"product_cat-colliers-de-poitrine","8":"product_tag-collier","9":"product_tag-poitrine","10":"product_tag-polyester-souple","11":"product_tag-reglable","12":"post","13":"post-with-thumbnail","14":"post-with-thumbnail-large","16":"first","17":"outofstock","18":"sale","19":"taxable","20":"shipping-taxable","21":"purchasable","22":"product-type-variable","23":"has-default-attributes"},"_links":{"self":[{"href":"https:\/\/troypetshop.com\/fr\/wp-json\/wp\/v2\/product\/6016","targetHints":{"allow":["GET"]}}],"collection":[{"href":"https:\/\/troypetshop.com\/fr\/wp-json\/wp\/v2\/product"}],"about":[{"href":"https:\/\/troypetshop.com\/fr\/wp-json\/wp\/v2\/types\/product"}],"replies":[{"embeddable":true,"href":"https:\/\/troypetshop.com\/fr\/wp-json\/wp\/v2\/comments?post=6016"}],"wp:featuredmedia":[{"embeddable":true,"href":"https:\/\/troypetshop.com\/fr\/wp-json\/wp\/v2\/media\/4847"}],"wp:attachment":[{"href":"https:\/\/troypetshop.com\/fr\/wp-json\/wp\/v2\/media?parent=6016"}],"wp:term":[{"taxonomy":"product_brand","embeddable":true,"href":"https:\/\/troypetshop.com\/fr\/wp-json\/wp\/v2\/product_brand?post=6016"},{"taxonomy":"product_cat","embeddable":true,"href":"https:\/\/troypetshop.com\/fr\/wp-json\/wp\/v2\/product_cat?post=6016"},{"taxonomy":"product_tag","embeddable":true,"href":"https:\/\/troypetshop.com\/fr\/wp-json\/wp\/v2\/product_tag?post=6016"}],"curies":[{"name":"wp","href":"https:\/\/api.w.org\/{rel}","templated":true}]}}