{"id":6061,"date":"2024-02-12T14:57:22","date_gmt":"2024-02-12T13:57:22","guid":{"rendered":"http:\/\/troypetshop.com\/product\/impermeables-pour-animaux-de-compagnie\/"},"modified":"2026-02-28T16:52:30","modified_gmt":"2026-02-28T15:52:30","slug":"impermeables-pour-animaux-de-compagnie","status":"publish","type":"product","link":"https:\/\/troypetshop.com\/fr\/product\/impermeables-pour-animaux-de-compagnie\/","title":{"rendered":"Imperm\u00e9ables pour animaux de compagnie"},"content":{"rendered":"","protected":false},"excerpt":{"rendered":"<p>Imperm\u00e9ables, doubl\u00e9s d&rsquo;une maille imperm\u00e9able.<br \/>\nConvient aux chats et aux chiens.<br \/>\nLa laisse peut \u00eatre port\u00e9e facilement.<br \/>\nIl est fabriqu\u00e9 en toile de parachute 100 % imperm\u00e9able.<br \/>\nLa temp\u00e9rature de lavage recommand\u00e9e est de 30 centigrades (30\u00b0C) ou (86\u00b0F).<\/p>\n<p>Veuillez s\u00e9lectionner les options de couleur et de taille avant d&rsquo;ajouter au panier.<\/p>\n","protected":false},"featured_media":4763,"comment_status":"open","ping_status":"closed","template":"","meta":[],"product_brand":[],"product_cat":[1077,1022,1067,1066],"product_tag":[1078],"class_list":{"0":"post-6061","1":"product","2":"type-product","3":"status-publish","4":"has-post-thumbnail","6":"product_cat-cat-fr","7":"product_cat-chien","8":"product_cat-vetements","9":"product_cat-vetements-pour-chiens","10":"product_tag-manteau-de-pluie","11":"post","12":"post-with-thumbnail","13":"post-with-thumbnail-large","15":"first","16":"outofstock","17":"sale","18":"taxable","19":"shipping-taxable","20":"purchasable","21":"product-type-variable","22":"has-default-attributes"},"_links":{"self":[{"href":"https:\/\/troypetshop.com\/fr\/wp-json\/wp\/v2\/product\/6061","targetHints":{"allow":["GET"]}}],"collection":[{"href":"https:\/\/troypetshop.com\/fr\/wp-json\/wp\/v2\/product"}],"about":[{"href":"https:\/\/troypetshop.com\/fr\/wp-json\/wp\/v2\/types\/product"}],"replies":[{"embeddable":true,"href":"https:\/\/troypetshop.com\/fr\/wp-json\/wp\/v2\/comments?post=6061"}],"wp:featuredmedia":[{"embeddable":true,"href":"https:\/\/troypetshop.com\/fr\/wp-json\/wp\/v2\/media\/4763"}],"wp:attachment":[{"href":"https:\/\/troypetshop.com\/fr\/wp-json\/wp\/v2\/media?parent=6061"}],"wp:term":[{"taxonomy":"product_brand","embeddable":true,"href":"https:\/\/troypetshop.com\/fr\/wp-json\/wp\/v2\/product_brand?post=6061"},{"taxonomy":"product_cat","embeddable":true,"href":"https:\/\/troypetshop.com\/fr\/wp-json\/wp\/v2\/product_cat?post=6061"},{"taxonomy":"product_tag","embeddable":true,"href":"https:\/\/troypetshop.com\/fr\/wp-json\/wp\/v2\/product_tag?post=6061"}],"curies":[{"name":"wp","href":"https:\/\/api.w.org\/{rel}","templated":true}]}}