{"id":6082,"date":"2024-01-23T16:54:59","date_gmt":"2024-01-23T15:54:59","guid":{"rendered":"http:\/\/troypetshop.com\/product\/colliers-personnalises\/"},"modified":"2026-02-28T16:52:31","modified_gmt":"2026-02-28T15:52:31","slug":"colliers-personnalises","status":"publish","type":"product","link":"https:\/\/troypetshop.com\/fr\/product\/colliers-personnalises\/","title":{"rendered":"Colliers personnalis\u00e9s"},"content":{"rendered":"","protected":false},"excerpt":{"rendered":"<p>Colliers d&rsquo;identification r\u00e9fl\u00e9chissants personnalis\u00e9s pour animaux de compagnie. Colliers d&rsquo;identification en nylon avec cloche.<\/p>\n<p>Gravure de noms et de num\u00e9ros de t\u00e9l\u00e9phone pour les chats et les petits chiens.<\/p>\n<p>Livraison des commandes en 15 \u00e0 20 jours. Les jours de livraison sont des jours ouvrables. Les week-ends et les jours f\u00e9ri\u00e9s ne sont pas pris en compte.<\/p>\n<p>Taille du cou r\u00e9glable : 18-28cm et largeur : 1cm<\/p>\n<ul>\n<li data-spm-anchor-id=\"a2g0o.detail.1000023.i3.3effJrMFJrMFOp\"><span data-spm-anchor-id=\"a2g0o.detail.1000023.i0.3effJrMFJrMFOp\">Mat\u00e9riau : Nylon<\/span><\/li>\n<li>6 couleurs disponibles : Rouge, Orange, Vert, Violet fonc\u00e9, Bleu fonc\u00e9, Noir.<\/li>\n<li>Convient aux petits chiens et chats, par ex : Chihuahua, Yorkshire, etc.<\/li>\n<li><span data-spm-anchor-id=\"a2g0o.detail.1000023.i4.3effJrMFJrMFOp\">Veuillez saisir le nom et le num\u00e9ro de t\u00e9l\u00e9phone de votre animal de compagnie \u00e0 la caisse Page comme exemple de texte <\/span><\/li>\n<li>Exemple de texte : Jack *619-892-7850<\/li>\n<\/ul>\n<p><strong>Veuillez s\u00e9lectionner l&rsquo;option de couleur avant d&rsquo;ajouter au panier. <\/strong><\/p>\n","protected":false},"featured_media":4631,"comment_status":"open","ping_status":"closed","template":"","meta":[],"product_brand":[],"product_cat":[1077,1022,1023,1024,1026,1025,458],"product_tag":[1092,1091,1090,1027,1089,1093,1094,1054],"class_list":{"0":"post-6082","1":"product","2":"type-product","3":"status-publish","4":"has-post-thumbnail","6":"product_cat-cat-fr","7":"product_cat-chien","8":"product_cat-colliers-et-laisses-pour-chiens","9":"product_cat-colliers-pour-chats","10":"product_cat-colliers-pour-chats-fr","11":"product_cat-cols-dencolure","12":"product_cat-nos-produits","13":"product_tag-animal-de-compagnie","14":"product_tag-cat-fr","15":"product_tag-chien","16":"product_tag-collier","17":"product_tag-nylon-fr","18":"product_tag-personnalise","19":"product_tag-reflechissant","20":"product_tag-reglable","21":"post","22":"post-with-thumbnail","23":"post-with-thumbnail-large","25":"first","26":"outofstock","27":"sale","28":"taxable","29":"shipping-taxable","30":"purchasable","31":"product-type-variable","32":"has-default-attributes"},"_links":{"self":[{"href":"https:\/\/troypetshop.com\/fr\/wp-json\/wp\/v2\/product\/6082","targetHints":{"allow":["GET"]}}],"collection":[{"href":"https:\/\/troypetshop.com\/fr\/wp-json\/wp\/v2\/product"}],"about":[{"href":"https:\/\/troypetshop.com\/fr\/wp-json\/wp\/v2\/types\/product"}],"replies":[{"embeddable":true,"href":"https:\/\/troypetshop.com\/fr\/wp-json\/wp\/v2\/comments?post=6082"}],"wp:featuredmedia":[{"embeddable":true,"href":"https:\/\/troypetshop.com\/fr\/wp-json\/wp\/v2\/media\/4631"}],"wp:attachment":[{"href":"https:\/\/troypetshop.com\/fr\/wp-json\/wp\/v2\/media?parent=6082"}],"wp:term":[{"taxonomy":"product_brand","embeddable":true,"href":"https:\/\/troypetshop.com\/fr\/wp-json\/wp\/v2\/product_brand?post=6082"},{"taxonomy":"product_cat","embeddable":true,"href":"https:\/\/troypetshop.com\/fr\/wp-json\/wp\/v2\/product_cat?post=6082"},{"taxonomy":"product_tag","embeddable":true,"href":"https:\/\/troypetshop.com\/fr\/wp-json\/wp\/v2\/product_tag?post=6082"}],"curies":[{"name":"wp","href":"https:\/\/api.w.org\/{rel}","templated":true}]}}