{"id":6093,"date":"2024-01-09T18:15:54","date_gmt":"2024-01-09T17:15:54","guid":{"rendered":"http:\/\/troypetshop.com\/product\/colliers-a-clip-en-metal\/"},"modified":"2026-02-28T16:52:32","modified_gmt":"2026-02-28T15:52:32","slug":"colliers-a-clip-en-metal","status":"publish","type":"product","link":"https:\/\/troypetshop.com\/fr\/product\/colliers-a-clip-en-metal\/","title":{"rendered":"Colliers \u00e0 clip en m\u00e9tal"},"content":{"rendered":"","protected":false},"excerpt":{"rendered":"<p>Colliers \u00e0 clip en m\u00e9tal avec clochette. Ces colliers pour chats et petits chiens sont fabriqu\u00e9s \u00e0 100% \u00e0 la main \u00e0 partir de mat\u00e9riaux durables de haute qualit\u00e9 et les accessoires m\u00e9talliques sont plaqu\u00e9s nickel.<\/p>\n<p>Enti\u00e8rement r\u00e9glable, cloche amovible incluse.<span style=\"color: initial;\"><\/span><\/p>\n<p>Dimensions : 1,2 x 18 &#8211; 38 cm : 1,2 x 18 &#8211; 38 cm<\/p>\n<p>Largeur 1,2 cm &#8211; Plus court 18 cm, plus long 38 cm.<\/p>\n<p><strong>Veuillez s\u00e9lectionner l&rsquo;option de couleur avant d&rsquo;ajouter au panier. <\/strong><\/p>\n","protected":false},"featured_media":4553,"comment_status":"open","ping_status":"closed","template":"","meta":[],"product_brand":[],"product_cat":[1077,1023,1024,1026,1025,458],"product_tag":[1027,1044],"class_list":{"0":"post-6093","1":"product","2":"type-product","3":"status-publish","4":"has-post-thumbnail","6":"product_cat-cat-fr","7":"product_cat-colliers-et-laisses-pour-chiens","8":"product_cat-colliers-pour-chats","9":"product_cat-colliers-pour-chats-fr","10":"product_cat-cols-dencolure","11":"product_cat-nos-produits","12":"product_tag-collier","13":"product_tag-polyester-souple","14":"post","15":"post-with-thumbnail","16":"post-with-thumbnail-large","18":"first","19":"outofstock","20":"sale","21":"taxable","22":"shipping-taxable","23":"purchasable","24":"product-type-variable"},"_links":{"self":[{"href":"https:\/\/troypetshop.com\/fr\/wp-json\/wp\/v2\/product\/6093","targetHints":{"allow":["GET"]}}],"collection":[{"href":"https:\/\/troypetshop.com\/fr\/wp-json\/wp\/v2\/product"}],"about":[{"href":"https:\/\/troypetshop.com\/fr\/wp-json\/wp\/v2\/types\/product"}],"replies":[{"embeddable":true,"href":"https:\/\/troypetshop.com\/fr\/wp-json\/wp\/v2\/comments?post=6093"}],"wp:featuredmedia":[{"embeddable":true,"href":"https:\/\/troypetshop.com\/fr\/wp-json\/wp\/v2\/media\/4553"}],"wp:attachment":[{"href":"https:\/\/troypetshop.com\/fr\/wp-json\/wp\/v2\/media?parent=6093"}],"wp:term":[{"taxonomy":"product_brand","embeddable":true,"href":"https:\/\/troypetshop.com\/fr\/wp-json\/wp\/v2\/product_brand?post=6093"},{"taxonomy":"product_cat","embeddable":true,"href":"https:\/\/troypetshop.com\/fr\/wp-json\/wp\/v2\/product_cat?post=6093"},{"taxonomy":"product_tag","embeddable":true,"href":"https:\/\/troypetshop.com\/fr\/wp-json\/wp\/v2\/product_tag?post=6093"}],"curies":[{"name":"wp","href":"https:\/\/api.w.org\/{rel}","templated":true}]}}