{"id":6097,"date":"2024-01-09T13:49:06","date_gmt":"2024-01-09T12:49:06","guid":{"rendered":"http:\/\/troypetshop.com\/product\/collier-de-poitrine-pour-chat\/"},"modified":"2026-02-28T16:52:32","modified_gmt":"2026-02-28T15:52:32","slug":"collier-de-poitrine-pour-chat","status":"publish","type":"product","link":"https:\/\/troypetshop.com\/fr\/product\/collier-de-poitrine-pour-chat\/","title":{"rendered":"Collier de poitrine pour chat"},"content":{"rendered":"","protected":false},"excerpt":{"rendered":"<h3>Collier de poitrine tiss\u00e9 en forme de chat<\/h3>\n<p>Collier de poitrine et laisse de marche anti-fugue pour chat. Le harnais est con\u00e7u pour les animaux domestiques tels que les chats, les chiens de petite race et les lapins.<\/p>\n<p>Nos harnais sont fabriqu\u00e9s \u00e0 partir de tissus souples de haute qualit\u00e9 et de mat\u00e9riaux durables, jusqu&rsquo;\u00e0 100 % \u00e0 la main. Des mat\u00e9riaux de la plus haute qualit\u00e9 sont utilis\u00e9s pour une plus grande durabilit\u00e9 et les accessoires m\u00e9talliques sont nickel\u00e9s.<\/p>\n<p>Dimensions ;<\/p>\n<ul>\n<li>Largeur des mat\u00e9riaux souples : 1,2 cm<\/li>\n<li>Cou : 1,2 x 22-35 cm<\/li>\n<li>Poitrine : 1,2 x 28-50 cm<\/li>\n<li>Laisse de marche ; 1,2 x 120 cm<\/li>\n<\/ul>\n<p>Avertissement : Ne laissez jamais votre animal de compagnie attach\u00e9.<\/p>\n<p>Merci de vous soucier de la s\u00e9curit\u00e9 de votre animal de compagnie !<\/p>\n<p><strong>Veuillez s\u00e9lectionner l&rsquo;option de couleur avant d&rsquo;ajouter au panier. <\/strong><\/p>\n<p>&nbsp;<\/p>\n","protected":false},"featured_media":4571,"comment_status":"open","ping_status":"closed","template":"","meta":[],"product_brand":[],"product_cat":[1110,1024],"product_tag":[1091,1027,1111,1053,1054],"class_list":{"0":"post-6097","1":"product","2":"type-product","3":"status-publish","4":"has-post-thumbnail","6":"product_cat-collier-de-poitrine-pour-chat","7":"product_cat-colliers-pour-chats","8":"product_tag-cat-fr","9":"product_tag-collier","10":"product_tag-harnais","11":"product_tag-poitrine","12":"product_tag-reglable","13":"post","14":"post-with-thumbnail","15":"post-with-thumbnail-large","17":"first","18":"outofstock","19":"sale","20":"taxable","21":"shipping-taxable","22":"purchasable","23":"product-type-variable"},"_links":{"self":[{"href":"https:\/\/troypetshop.com\/fr\/wp-json\/wp\/v2\/product\/6097","targetHints":{"allow":["GET"]}}],"collection":[{"href":"https:\/\/troypetshop.com\/fr\/wp-json\/wp\/v2\/product"}],"about":[{"href":"https:\/\/troypetshop.com\/fr\/wp-json\/wp\/v2\/types\/product"}],"replies":[{"embeddable":true,"href":"https:\/\/troypetshop.com\/fr\/wp-json\/wp\/v2\/comments?post=6097"}],"wp:featuredmedia":[{"embeddable":true,"href":"https:\/\/troypetshop.com\/fr\/wp-json\/wp\/v2\/media\/4571"}],"wp:attachment":[{"href":"https:\/\/troypetshop.com\/fr\/wp-json\/wp\/v2\/media?parent=6097"}],"wp:term":[{"taxonomy":"product_brand","embeddable":true,"href":"https:\/\/troypetshop.com\/fr\/wp-json\/wp\/v2\/product_brand?post=6097"},{"taxonomy":"product_cat","embeddable":true,"href":"https:\/\/troypetshop.com\/fr\/wp-json\/wp\/v2\/product_cat?post=6097"},{"taxonomy":"product_tag","embeddable":true,"href":"https:\/\/troypetshop.com\/fr\/wp-json\/wp\/v2\/product_tag?post=6097"}],"curies":[{"name":"wp","href":"https:\/\/api.w.org\/{rel}","templated":true}]}}