{"id":6102,"date":"2024-01-09T13:14:23","date_gmt":"2024-01-09T12:14:23","guid":{"rendered":"http:\/\/troypetshop.com\/product\/colliers-de-couleur-neon\/"},"modified":"2026-02-28T16:52:33","modified_gmt":"2026-02-28T15:52:33","slug":"colliers-de-couleur-neon","status":"publish","type":"product","link":"https:\/\/troypetshop.com\/fr\/product\/colliers-de-couleur-neon\/","title":{"rendered":"Colliers de couleur n\u00e9on"},"content":{"rendered":"","protected":false},"excerpt":{"rendered":"<p>Ces colliers pour chats et petits chiens sont fabriqu\u00e9s \u00e0 100% \u00e0 la main \u00e0 partir d&rsquo;\u00e9lastiques de haute qualit\u00e9 et de mat\u00e9riaux durables. Fabriqu\u00e9 en polyester souple, il est doux pour le pelage de votre chat et offre un look \u00e9l\u00e9gant gr\u00e2ce \u00e0 ses couleurs n\u00e9on. Ils sont r\u00e9glables pour que votre chat s&rsquo;y sente parfaitement \u00e0 l&rsquo;aise.<\/p>\n<p>Colliers pour chats r\u00e9sistants aux intemp\u00e9ries qui conviennent aussi bien \u00e0 l&rsquo;int\u00e9rieur qu&rsquo;\u00e0 l&rsquo;ext\u00e9rieur. Les boucles d&rsquo;arr\u00eat de nos colliers pour chats s&rsquo;ouvrent automatiquement si votre chat se coince. Cette fonction de lib\u00e9ration rapide assure la s\u00e9curit\u00e9 de votre chat, en particulier lorsqu&rsquo;il est \u00e0 l&rsquo;ext\u00e9rieur.<\/p>\n<p><span style=\"color: initial;\">Cloche amovible incluse.<\/span><\/p>\n<p>Dimensions : 1,2 x 18 &#8211; 38 cm : 1,2 x 18 &#8211; 38 cm<\/p>\n<p>Largeur 1,2 cm &#8211; Plus court 18 cm, plus long 38 cm.<\/p>\n<p><strong>Veuillez s\u00e9lectionner l&rsquo;option de couleur avant d&rsquo;ajouter au panier. <\/strong><\/p>\n","protected":false},"featured_media":4619,"comment_status":"open","ping_status":"closed","template":"","meta":[],"product_brand":[],"product_cat":[1077,1023,1024,1026,1025,458],"product_tag":[1092,1091,1027,1044,1054],"class_list":{"0":"post-6102","1":"product","2":"type-product","3":"status-publish","4":"has-post-thumbnail","6":"product_cat-cat-fr","7":"product_cat-colliers-et-laisses-pour-chiens","8":"product_cat-colliers-pour-chats","9":"product_cat-colliers-pour-chats-fr","10":"product_cat-cols-dencolure","11":"product_cat-nos-produits","12":"product_tag-animal-de-compagnie","13":"product_tag-cat-fr","14":"product_tag-collier","15":"product_tag-polyester-souple","16":"product_tag-reglable","17":"post","18":"post-with-thumbnail","19":"post-with-thumbnail-large","21":"first","22":"outofstock","23":"sale","24":"taxable","25":"shipping-taxable","26":"purchasable","27":"product-type-variable"},"_links":{"self":[{"href":"https:\/\/troypetshop.com\/fr\/wp-json\/wp\/v2\/product\/6102","targetHints":{"allow":["GET"]}}],"collection":[{"href":"https:\/\/troypetshop.com\/fr\/wp-json\/wp\/v2\/product"}],"about":[{"href":"https:\/\/troypetshop.com\/fr\/wp-json\/wp\/v2\/types\/product"}],"replies":[{"embeddable":true,"href":"https:\/\/troypetshop.com\/fr\/wp-json\/wp\/v2\/comments?post=6102"}],"wp:featuredmedia":[{"embeddable":true,"href":"https:\/\/troypetshop.com\/fr\/wp-json\/wp\/v2\/media\/4619"}],"wp:attachment":[{"href":"https:\/\/troypetshop.com\/fr\/wp-json\/wp\/v2\/media?parent=6102"}],"wp:term":[{"taxonomy":"product_brand","embeddable":true,"href":"https:\/\/troypetshop.com\/fr\/wp-json\/wp\/v2\/product_brand?post=6102"},{"taxonomy":"product_cat","embeddable":true,"href":"https:\/\/troypetshop.com\/fr\/wp-json\/wp\/v2\/product_cat?post=6102"},{"taxonomy":"product_tag","embeddable":true,"href":"https:\/\/troypetshop.com\/fr\/wp-json\/wp\/v2\/product_tag?post=6102"}],"curies":[{"name":"wp","href":"https:\/\/api.w.org\/{rel}","templated":true}]}}