{"id":6118,"date":"2023-12-06T16:25:07","date_gmt":"2023-12-06T15:25:07","guid":{"rendered":"http:\/\/troypetshop.com\/product\/adicats-chemise-en-coton\/"},"modified":"2026-02-28T16:52:34","modified_gmt":"2026-02-28T15:52:34","slug":"adicats-chemise-en-coton","status":"publish","type":"product","link":"https:\/\/troypetshop.com\/fr\/product\/adicats-chemise-en-coton\/","title":{"rendered":"Adicats Chemise en coton"},"content":{"rendered":"","protected":false},"excerpt":{"rendered":"<p>Convient aux chats et aux chiens.<br \/>\nIl pr\u00e9vient la chute des cheveux et aide \u00e0 prot\u00e9ger nos amis \u00e0 pattes des rayons nocifs du soleil.<br \/>\nLa laisse peut \u00eatre port\u00e9e facilement.<br \/>\nIl est fabriqu\u00e9 en coton peign\u00e9 30\/1 (100 % COTON).<br \/>\nLe degr\u00e9 de lavage recommand\u00e9 est de 30\u00b0C (86\u00b0F).<br \/>\nL&rsquo;impression du produit ne s&rsquo;estompe pas.<\/p>\n<p>Veuillez s\u00e9lectionner l&rsquo;option de couleur avant d&rsquo;ajouter au panier. <\/p>\n","protected":false},"featured_media":4517,"comment_status":"open","ping_status":"closed","template":"","meta":[],"product_brand":[],"product_cat":[1077,1067],"product_tag":[1117],"class_list":{"0":"post-6118","1":"product","2":"type-product","3":"status-publish","4":"has-post-thumbnail","6":"product_cat-cat-fr","7":"product_cat-vetements","8":"product_tag-chemises-en-coton","9":"post","10":"post-with-thumbnail","11":"post-with-thumbnail-large","13":"first","14":"outofstock","15":"sale","16":"taxable","17":"shipping-taxable","18":"purchasable","19":"product-type-variable","20":"has-default-attributes"},"_links":{"self":[{"href":"https:\/\/troypetshop.com\/fr\/wp-json\/wp\/v2\/product\/6118","targetHints":{"allow":["GET"]}}],"collection":[{"href":"https:\/\/troypetshop.com\/fr\/wp-json\/wp\/v2\/product"}],"about":[{"href":"https:\/\/troypetshop.com\/fr\/wp-json\/wp\/v2\/types\/product"}],"replies":[{"embeddable":true,"href":"https:\/\/troypetshop.com\/fr\/wp-json\/wp\/v2\/comments?post=6118"}],"wp:featuredmedia":[{"embeddable":true,"href":"https:\/\/troypetshop.com\/fr\/wp-json\/wp\/v2\/media\/4517"}],"wp:attachment":[{"href":"https:\/\/troypetshop.com\/fr\/wp-json\/wp\/v2\/media?parent=6118"}],"wp:term":[{"taxonomy":"product_brand","embeddable":true,"href":"https:\/\/troypetshop.com\/fr\/wp-json\/wp\/v2\/product_brand?post=6118"},{"taxonomy":"product_cat","embeddable":true,"href":"https:\/\/troypetshop.com\/fr\/wp-json\/wp\/v2\/product_cat?post=6118"},{"taxonomy":"product_tag","embeddable":true,"href":"https:\/\/troypetshop.com\/fr\/wp-json\/wp\/v2\/product_tag?post=6118"}],"curies":[{"name":"wp","href":"https:\/\/api.w.org\/{rel}","templated":true}]}}