{"id":6129,"date":"2023-12-06T16:09:48","date_gmt":"2023-12-06T15:09:48","guid":{"rendered":"http:\/\/troypetshop.com\/product\/chemise-en-coton-mickey\/"},"modified":"2026-02-28T16:52:34","modified_gmt":"2026-02-28T15:52:34","slug":"chemise-en-coton-mickey","status":"publish","type":"product","link":"https:\/\/troypetshop.com\/fr\/product\/chemise-en-coton-mickey\/","title":{"rendered":"Chemise en coton Mickey"},"content":{"rendered":"","protected":false},"excerpt":{"rendered":"<p>Convient aux chats et aux chiens.<br \/>\nIl pr\u00e9vient la chute des cheveux et aide \u00e0 prot\u00e9ger nos amis \u00e0 pattes des rayons nocifs du soleil.<br \/>\nLa laisse peut \u00eatre port\u00e9e facilement.<br \/>\nIl est fabriqu\u00e9 en coton peign\u00e9 30\/1 (100 % COTON).<br \/>\nLe degr\u00e9 de lavage recommand\u00e9 est de 30\u00b0C (86\u00b0F).<br \/>\nL&rsquo;impression du produit ne s&rsquo;estompe pas.<\/p>\n","protected":false},"featured_media":4481,"comment_status":"open","ping_status":"closed","template":"","meta":[],"product_brand":[],"product_cat":[1077,458,1067],"product_tag":[1117],"class_list":{"0":"post-6129","1":"product","2":"type-product","3":"status-publish","4":"has-post-thumbnail","6":"product_cat-cat-fr","7":"product_cat-nos-produits","8":"product_cat-vetements","9":"product_tag-chemises-en-coton","10":"post","11":"post-with-thumbnail","12":"post-with-thumbnail-large","14":"first","15":"outofstock","16":"sale","17":"taxable","18":"shipping-taxable","19":"purchasable","20":"product-type-variable","21":"has-default-attributes"},"_links":{"self":[{"href":"https:\/\/troypetshop.com\/fr\/wp-json\/wp\/v2\/product\/6129","targetHints":{"allow":["GET"]}}],"collection":[{"href":"https:\/\/troypetshop.com\/fr\/wp-json\/wp\/v2\/product"}],"about":[{"href":"https:\/\/troypetshop.com\/fr\/wp-json\/wp\/v2\/types\/product"}],"replies":[{"embeddable":true,"href":"https:\/\/troypetshop.com\/fr\/wp-json\/wp\/v2\/comments?post=6129"}],"wp:featuredmedia":[{"embeddable":true,"href":"https:\/\/troypetshop.com\/fr\/wp-json\/wp\/v2\/media\/4481"}],"wp:attachment":[{"href":"https:\/\/troypetshop.com\/fr\/wp-json\/wp\/v2\/media?parent=6129"}],"wp:term":[{"taxonomy":"product_brand","embeddable":true,"href":"https:\/\/troypetshop.com\/fr\/wp-json\/wp\/v2\/product_brand?post=6129"},{"taxonomy":"product_cat","embeddable":true,"href":"https:\/\/troypetshop.com\/fr\/wp-json\/wp\/v2\/product_cat?post=6129"},{"taxonomy":"product_tag","embeddable":true,"href":"https:\/\/troypetshop.com\/fr\/wp-json\/wp\/v2\/product_tag?post=6129"}],"curies":[{"name":"wp","href":"https:\/\/api.w.org\/{rel}","templated":true}]}}