{"id":6135,"date":"2023-12-06T13:31:03","date_gmt":"2023-12-06T12:31:03","guid":{"rendered":"http:\/\/troypetshop.com\/product\/adidog-cotton-sweatshirt\/"},"modified":"2026-02-28T16:52:34","modified_gmt":"2026-02-28T15:52:34","slug":"adidog-pull-en-coton","status":"publish","type":"product","link":"https:\/\/troypetshop.com\/fr\/product\/adidog-pull-en-coton\/","title":{"rendered":"Adidog pull en coton"},"content":{"rendered":"","protected":false},"excerpt":{"rendered":"<p>Sweat-shirt Adidog en coton. Convient aux chats et aux chiens.<br \/>\nIl pr\u00e9vient la chute des cheveux et aide \u00e0 prot\u00e9ger nos amis \u00e0 pattes des rayons nocifs du soleil.<br \/>\nLa laisse peut \u00eatre port\u00e9e facilement.<br \/>\nIl est fabriqu\u00e9 en tissu 100 % coton avec trois fils en relief.<br \/>\nLa temp\u00e9rature de lavage recommand\u00e9e est de 30 centigrades (30\u00b0C) ou (86\u00b0F).<\/p>\n<p>Veuillez s\u00e9lectionner les options de couleur et de taille avant d&rsquo;ajouter au panier.<\/p>\n","protected":false},"featured_media":4685,"comment_status":"open","ping_status":"closed","template":"","meta":[],"product_brand":[],"product_cat":[1022,1066],"product_tag":[1117],"class_list":{"0":"post-6135","1":"product","2":"type-product","3":"status-publish","4":"has-post-thumbnail","6":"product_cat-chien","7":"product_cat-vetements-pour-chiens","8":"product_tag-chemises-en-coton","9":"post","10":"post-with-thumbnail","11":"post-with-thumbnail-large","13":"first","14":"outofstock","15":"sale","16":"taxable","17":"shipping-taxable","18":"purchasable","19":"product-type-variable","20":"has-default-attributes"},"_links":{"self":[{"href":"https:\/\/troypetshop.com\/fr\/wp-json\/wp\/v2\/product\/6135","targetHints":{"allow":["GET"]}}],"collection":[{"href":"https:\/\/troypetshop.com\/fr\/wp-json\/wp\/v2\/product"}],"about":[{"href":"https:\/\/troypetshop.com\/fr\/wp-json\/wp\/v2\/types\/product"}],"replies":[{"embeddable":true,"href":"https:\/\/troypetshop.com\/fr\/wp-json\/wp\/v2\/comments?post=6135"}],"wp:featuredmedia":[{"embeddable":true,"href":"https:\/\/troypetshop.com\/fr\/wp-json\/wp\/v2\/media\/4685"}],"wp:attachment":[{"href":"https:\/\/troypetshop.com\/fr\/wp-json\/wp\/v2\/media?parent=6135"}],"wp:term":[{"taxonomy":"product_brand","embeddable":true,"href":"https:\/\/troypetshop.com\/fr\/wp-json\/wp\/v2\/product_brand?post=6135"},{"taxonomy":"product_cat","embeddable":true,"href":"https:\/\/troypetshop.com\/fr\/wp-json\/wp\/v2\/product_cat?post=6135"},{"taxonomy":"product_tag","embeddable":true,"href":"https:\/\/troypetshop.com\/fr\/wp-json\/wp\/v2\/product_tag?post=6135"}],"curies":[{"name":"wp","href":"https:\/\/api.w.org\/{rel}","templated":true}]}}