{"id":6156,"date":"2023-12-04T21:45:32","date_gmt":"2023-12-04T20:45:32","guid":{"rendered":"http:\/\/troypetshop.com\/product\/chemises-en-coton-superman\/"},"modified":"2026-02-28T16:52:35","modified_gmt":"2026-02-28T15:52:35","slug":"chemises-en-coton-superman","status":"publish","type":"product","link":"https:\/\/troypetshop.com\/fr\/product\/chemises-en-coton-superman\/","title":{"rendered":"Chemises en coton Superman"},"content":{"rendered":"","protected":false},"excerpt":{"rendered":"<p>Convient aux chats et aux chiens.<br \/>\nIl pr\u00e9vient la chute des cheveux et aide \u00e0 prot\u00e9ger nos amis \u00e0 pattes des rayons nocifs du soleil.<br \/>\nLa laisse peut \u00eatre port\u00e9e facilement.<br \/>\nIl est fabriqu\u00e9 en coton peign\u00e9 30\/1 (100 % COTON).<br \/>\nLe degr\u00e9 de lavage recommand\u00e9 est de 30\u00b0C (86\u00b0F).<br \/>\nL&rsquo;impression du produit ne s&rsquo;estompe pas.<\/p>\n","protected":false},"featured_media":4451,"comment_status":"open","ping_status":"closed","template":"","meta":[],"product_brand":[],"product_cat":[1077,1022,458,1067,1066],"product_tag":[1117],"class_list":{"0":"post-6156","1":"product","2":"type-product","3":"status-publish","4":"has-post-thumbnail","6":"product_cat-cat-fr","7":"product_cat-chien","8":"product_cat-nos-produits","9":"product_cat-vetements","10":"product_cat-vetements-pour-chiens","11":"product_tag-chemises-en-coton","12":"post","13":"post-with-thumbnail","14":"post-with-thumbnail-large","16":"first","17":"outofstock","18":"sale","19":"taxable","20":"shipping-taxable","21":"purchasable","22":"product-type-variable","23":"has-default-attributes"},"_links":{"self":[{"href":"https:\/\/troypetshop.com\/fr\/wp-json\/wp\/v2\/product\/6156","targetHints":{"allow":["GET"]}}],"collection":[{"href":"https:\/\/troypetshop.com\/fr\/wp-json\/wp\/v2\/product"}],"about":[{"href":"https:\/\/troypetshop.com\/fr\/wp-json\/wp\/v2\/types\/product"}],"replies":[{"embeddable":true,"href":"https:\/\/troypetshop.com\/fr\/wp-json\/wp\/v2\/comments?post=6156"}],"wp:featuredmedia":[{"embeddable":true,"href":"https:\/\/troypetshop.com\/fr\/wp-json\/wp\/v2\/media\/4451"}],"wp:attachment":[{"href":"https:\/\/troypetshop.com\/fr\/wp-json\/wp\/v2\/media?parent=6156"}],"wp:term":[{"taxonomy":"product_brand","embeddable":true,"href":"https:\/\/troypetshop.com\/fr\/wp-json\/wp\/v2\/product_brand?post=6156"},{"taxonomy":"product_cat","embeddable":true,"href":"https:\/\/troypetshop.com\/fr\/wp-json\/wp\/v2\/product_cat?post=6156"},{"taxonomy":"product_tag","embeddable":true,"href":"https:\/\/troypetshop.com\/fr\/wp-json\/wp\/v2\/product_tag?post=6156"}],"curies":[{"name":"wp","href":"https:\/\/api.w.org\/{rel}","templated":true}]}}