{"id":6190,"date":"2023-11-22T21:05:56","date_gmt":"2023-11-22T20:05:56","guid":{"rendered":"http:\/\/troypetshop.com\/product\/lit-en-peluche-circle\/"},"modified":"2026-02-28T16:52:36","modified_gmt":"2026-02-28T15:52:36","slug":"lit-en-peluche-circle","status":"publish","type":"product","link":"https:\/\/troypetshop.com\/fr\/product\/lit-en-peluche-circle\/","title":{"rendered":"Lit en peluche Circle"},"content":{"rendered":"","protected":false},"excerpt":{"rendered":"<p><strong>Fibre Double Coloured Circle Plush Bed (lit en peluche) pour animaux de compagnie.<\/strong><\/p>\n<p>Lit bicolore pour chat et petit chien.<br \/>\nLe produit a un diam\u00e8tre de 55 cm et une hauteur de 12 cm.<br \/>\nEn raison de la diff\u00e9rence de lot et de photo des tissus re\u00e7us, il peut y avoir une DIFF\u00c9RENCE DE TONS DANS LES COULEURS.<br \/>\nFabriqu\u00e9 en tissu pelucheux de qualit\u00e9<br \/>\nLe coussin int\u00e9rieur peut \u00eatre s\u00e9par\u00e9 pour faciliter l&rsquo;utilisation et le lavage.<br \/>\nLe fond du lit est recouvert d&rsquo;une doublure.<br \/>\nLe produit est rempli de fibres<br \/>\nLavable \u00e0 30 degr\u00e9s<br \/>\nIl peut \u00e9galement \u00eatre lav\u00e9 en machine, mais le fabricant recommande de le laver \u00e0 la main et de le s\u00e9cher de fa\u00e7on r\u00e9guli\u00e8re.<br \/>\nNe pas utiliser de s\u00e8che-linge<br \/>\nFacile \u00e0 nettoyer.<\/p>\n","protected":false},"featured_media":4277,"comment_status":"open","ping_status":"closed","template":"","meta":[],"product_brand":[],"product_cat":[1077,1022,1148,1149],"product_tag":[1092,1150],"class_list":{"0":"post-6190","1":"product","2":"type-product","3":"status-publish","4":"has-post-thumbnail","6":"product_cat-cat-fr","7":"product_cat-chien","8":"product_cat-lits","9":"product_cat-lits-et-maisons-pour-chiens","10":"product_tag-animal-de-compagnie","11":"product_tag-lit","12":"post","13":"post-with-thumbnail","14":"post-with-thumbnail-large","16":"first","17":"outofstock","18":"sale","19":"taxable","20":"shipping-taxable","21":"purchasable","22":"product-type-variable"},"_links":{"self":[{"href":"https:\/\/troypetshop.com\/fr\/wp-json\/wp\/v2\/product\/6190","targetHints":{"allow":["GET"]}}],"collection":[{"href":"https:\/\/troypetshop.com\/fr\/wp-json\/wp\/v2\/product"}],"about":[{"href":"https:\/\/troypetshop.com\/fr\/wp-json\/wp\/v2\/types\/product"}],"replies":[{"embeddable":true,"href":"https:\/\/troypetshop.com\/fr\/wp-json\/wp\/v2\/comments?post=6190"}],"wp:featuredmedia":[{"embeddable":true,"href":"https:\/\/troypetshop.com\/fr\/wp-json\/wp\/v2\/media\/4277"}],"wp:attachment":[{"href":"https:\/\/troypetshop.com\/fr\/wp-json\/wp\/v2\/media?parent=6190"}],"wp:term":[{"taxonomy":"product_brand","embeddable":true,"href":"https:\/\/troypetshop.com\/fr\/wp-json\/wp\/v2\/product_brand?post=6190"},{"taxonomy":"product_cat","embeddable":true,"href":"https:\/\/troypetshop.com\/fr\/wp-json\/wp\/v2\/product_cat?post=6190"},{"taxonomy":"product_tag","embeddable":true,"href":"https:\/\/troypetshop.com\/fr\/wp-json\/wp\/v2\/product_tag?post=6190"}],"curies":[{"name":"wp","href":"https:\/\/api.w.org\/{rel}","templated":true}]}}