{"id":6193,"date":"2023-10-08T17:56:17","date_gmt":"2023-10-08T15:56:17","guid":{"rendered":"http:\/\/troypetshop.com\/product\/cuir\/"},"modified":"2026-02-28T16:52:37","modified_gmt":"2026-02-28T15:52:37","slug":"cuir","status":"publish","type":"product","link":"https:\/\/troypetshop.com\/fr\/product\/cuir\/","title":{"rendered":"Cuir"},"content":{"rendered":"","protected":false},"excerpt":{"rendered":"<p>-Les produits sont fabriqu\u00e9s en cuir v\u00e9ritable<br \/>\n-Tous les produits sont dot\u00e9s de coussinets souples.<br \/>\n-Des boucles en nickel brillant sont utilis\u00e9es<br \/>\n-Couleurs : Vert, rose, jaune, bleu, rouge, noir, marron clair, marron fonc\u00e9, etc.<br \/>\n-Mod\u00e8les : Perl\u00e9s, trilob\u00e9s et unis.<\/p>\n<p><strong>Dimensions du produit<\/strong><br \/>\nXS &#8211; No 1 : Largeur 1,5 cm &#8211; Plus court 23 cm, plus long 31 cm.<br \/>\nS &#8211; No 2 : Largeur 2 cm &#8211; Plus court 28 cm, plus long 37 cm.<br \/>\nM &#8211; No 3 : Largeur 2,5 cm &#8211; Plus court 33 cm, plus long 46 cm.<br \/>\nL &#8211; No 4 : Largeur 3 cm &#8211; Plus court 40 cm, plus long 53 cm.<br \/>\nXL &#8211; No 5 : Largeur 4 cm &#8211; Plus court 49 cm, plus long 63 cm.<\/p>\n<p><strong>Veuillez s\u00e9lectionner les options de couleur et de taille avant d&rsquo;ajouter au panier. <\/strong><\/p>\n","protected":false},"featured_media":3347,"comment_status":"open","ping_status":"closed","template":"","meta":[],"product_brand":[],"product_cat":[1022,1023,1025],"product_tag":[1090,1027,1158,1157],"class_list":{"0":"post-6193","1":"product","2":"type-product","3":"status-publish","4":"has-post-thumbnail","6":"product_cat-chien","7":"product_cat-colliers-et-laisses-pour-chiens","8":"product_cat-cols-dencolure","9":"product_tag-chien","10":"product_tag-collier","11":"product_tag-cou","12":"product_tag-cuir","13":"post","14":"post-with-thumbnail","15":"post-with-thumbnail-large","17":"first","18":"outofstock","19":"sale","20":"taxable","21":"shipping-taxable","22":"purchasable","23":"product-type-variable","24":"has-default-attributes"},"_links":{"self":[{"href":"https:\/\/troypetshop.com\/fr\/wp-json\/wp\/v2\/product\/6193","targetHints":{"allow":["GET"]}}],"collection":[{"href":"https:\/\/troypetshop.com\/fr\/wp-json\/wp\/v2\/product"}],"about":[{"href":"https:\/\/troypetshop.com\/fr\/wp-json\/wp\/v2\/types\/product"}],"replies":[{"embeddable":true,"href":"https:\/\/troypetshop.com\/fr\/wp-json\/wp\/v2\/comments?post=6193"}],"wp:featuredmedia":[{"embeddable":true,"href":"https:\/\/troypetshop.com\/fr\/wp-json\/wp\/v2\/media\/3347"}],"wp:attachment":[{"href":"https:\/\/troypetshop.com\/fr\/wp-json\/wp\/v2\/media?parent=6193"}],"wp:term":[{"taxonomy":"product_brand","embeddable":true,"href":"https:\/\/troypetshop.com\/fr\/wp-json\/wp\/v2\/product_brand?post=6193"},{"taxonomy":"product_cat","embeddable":true,"href":"https:\/\/troypetshop.com\/fr\/wp-json\/wp\/v2\/product_cat?post=6193"},{"taxonomy":"product_tag","embeddable":true,"href":"https:\/\/troypetshop.com\/fr\/wp-json\/wp\/v2\/product_tag?post=6193"}],"curies":[{"name":"wp","href":"https:\/\/api.w.org\/{rel}","templated":true}]}}