{"id":6229,"date":"2023-10-08T16:59:54","date_gmt":"2023-10-08T14:59:54","guid":{"rendered":"http:\/\/troypetshop.com\/product\/cuir-de-premiere-qualite\/"},"modified":"2026-02-28T16:52:37","modified_gmt":"2026-02-28T15:52:37","slug":"cuir-de-premiere-qualite","status":"publish","type":"product","link":"https:\/\/troypetshop.com\/fr\/product\/cuir-de-premiere-qualite\/","title":{"rendered":"Cuir de premi\u00e8re qualit\u00e9"},"content":{"rendered":"","protected":false},"excerpt":{"rendered":"<p>-Les produits sont fabriqu\u00e9s en cuir v\u00e9ritable (v\u00e9g\u00e9tal)<br \/>\n-Un rembourrage doux peut \u00eatre appliqu\u00e9 en option.<br \/>\n-Tous les produits sont dot\u00e9s de boucles en nickel brillant.<br \/>\n-Couleurs : Rouge, Noir, Marron clair, Marron fonc\u00e9, Tan<br \/>\n-Mod\u00e8les : uni et imprim\u00e9<\/p>\n<p><strong>Dimensions du produit<\/strong><br \/>\nXS- No 1 : Largeur 1,5 cm- Plus court 24 cm, plus long 31 cm.<br \/>\nS &#8211; No 2 : Largeur 2 cm &#8211; Plus court 28 cm, plus long 37 cm.<br \/>\nM &#8211; No 3 : Largeur 2,5 cm -Le plus court 33 cm, le plus long 46 cm.<br \/>\nL &#8211; No 4 : Largeur 3 cm &#8211; Plus court 40 cm, plus long 53 cm.<br \/>\nXL- No 5 : Largeur 4 cm &#8211; Plus court 49 cm, plus long 63 cm.<\/p>\n<p><strong>Veuillez s\u00e9lectionner les options de couleur et de taille avant d&rsquo;ajouter au panier. <\/strong><\/p>\n","protected":false},"featured_media":3569,"comment_status":"open","ping_status":"closed","template":"","meta":[],"product_brand":[],"product_cat":[1022,1023,1025],"product_tag":[1090,1027,1158,1157,1171],"class_list":{"0":"post-6229","1":"product","2":"type-product","3":"status-publish","4":"has-post-thumbnail","6":"product_cat-chien","7":"product_cat-colliers-et-laisses-pour-chiens","8":"product_cat-cols-dencolure","9":"product_tag-chien","10":"product_tag-collier","11":"product_tag-cou","12":"product_tag-cuir","13":"product_tag-pion-presse","14":"post","15":"post-with-thumbnail","16":"post-with-thumbnail-large","18":"first","19":"outofstock","20":"sale","21":"taxable","22":"shipping-taxable","23":"purchasable","24":"product-type-variable"},"_links":{"self":[{"href":"https:\/\/troypetshop.com\/fr\/wp-json\/wp\/v2\/product\/6229","targetHints":{"allow":["GET"]}}],"collection":[{"href":"https:\/\/troypetshop.com\/fr\/wp-json\/wp\/v2\/product"}],"about":[{"href":"https:\/\/troypetshop.com\/fr\/wp-json\/wp\/v2\/types\/product"}],"replies":[{"embeddable":true,"href":"https:\/\/troypetshop.com\/fr\/wp-json\/wp\/v2\/comments?post=6229"}],"wp:featuredmedia":[{"embeddable":true,"href":"https:\/\/troypetshop.com\/fr\/wp-json\/wp\/v2\/media\/3569"}],"wp:attachment":[{"href":"https:\/\/troypetshop.com\/fr\/wp-json\/wp\/v2\/media?parent=6229"}],"wp:term":[{"taxonomy":"product_brand","embeddable":true,"href":"https:\/\/troypetshop.com\/fr\/wp-json\/wp\/v2\/product_brand?post=6229"},{"taxonomy":"product_cat","embeddable":true,"href":"https:\/\/troypetshop.com\/fr\/wp-json\/wp\/v2\/product_cat?post=6229"},{"taxonomy":"product_tag","embeddable":true,"href":"https:\/\/troypetshop.com\/fr\/wp-json\/wp\/v2\/product_tag?post=6229"}],"curies":[{"name":"wp","href":"https:\/\/api.w.org\/{rel}","templated":true}]}}