{"id":6255,"date":"2020-10-24T20:34:18","date_gmt":"2020-10-24T18:34:18","guid":{"rendered":"http:\/\/troypetshop.com\/product\/litieres-pour-chats\/"},"modified":"2026-02-28T16:52:38","modified_gmt":"2026-02-28T15:52:38","slug":"litieres-pour-chats","status":"publish","type":"product","link":"https:\/\/troypetshop.com\/fr\/product\/litieres-pour-chats\/","title":{"rendered":"Liti\u00e8res pour chats"},"content":{"rendered":"","protected":false},"excerpt":{"rendered":"<p>La liti\u00e8re blanche bentonite agglom\u00e9rante peut \u00eatre command\u00e9e en sacs de 5, 10 et 20 litres.<\/p>\n<p>Les granul\u00e9s d&rsquo;argile de taille moyenne de notre liti\u00e8re pour chats absorbent 3,5 fois leur propre poids lorsqu&rsquo;ils sont en contact avec des liquides. Il a une tr\u00e8s grande capacit\u00e9 d&rsquo;absorption des liquides et ne colle pas trop aux pattes des chats. Il forme facilement des amas qui peuvent \u00eatre ramass\u00e9s. Il peut emp\u00eacher les particules de sable de s&rsquo;\u00e9parpiller sur le sol. Il contr\u00f4le \u00e9galement les odeurs et garde le bac \u00e0 liti\u00e8re sec, ce qui emp\u00eache la croissance des bact\u00e9ries et des germes. Des vari\u00e9t\u00e9s aux parfums frais sont disponibles : Levander, Savon de Marseille et Poudre pour b\u00e9b\u00e9.<\/p>\n<p><strong>Veuillez s\u00e9lectionner la vari\u00e9t\u00e9 et la taille de l&#8217;emballage avant de l&rsquo;ajouter au panier. <\/strong><\/p>\n","protected":false},"featured_media":6541,"comment_status":"open","ping_status":"closed","template":"","meta":[],"product_brand":[],"product_cat":[1077,1182,458],"product_tag":[1091,1183],"class_list":{"0":"post-6255","1":"product","2":"type-product","3":"status-publish","4":"has-post-thumbnail","6":"product_cat-cat-fr","7":"product_cat-litieres-pour-chats","8":"product_cat-nos-produits","9":"product_tag-cat-fr","10":"product_tag-litiere","11":"post","12":"post-with-thumbnail","13":"post-with-thumbnail-large","15":"first","16":"outofstock","17":"taxable","18":"shipping-taxable","19":"product-type-variable"},"_links":{"self":[{"href":"https:\/\/troypetshop.com\/fr\/wp-json\/wp\/v2\/product\/6255","targetHints":{"allow":["GET"]}}],"collection":[{"href":"https:\/\/troypetshop.com\/fr\/wp-json\/wp\/v2\/product"}],"about":[{"href":"https:\/\/troypetshop.com\/fr\/wp-json\/wp\/v2\/types\/product"}],"replies":[{"embeddable":true,"href":"https:\/\/troypetshop.com\/fr\/wp-json\/wp\/v2\/comments?post=6255"}],"wp:featuredmedia":[{"embeddable":true,"href":"https:\/\/troypetshop.com\/fr\/wp-json\/wp\/v2\/media\/6541"}],"wp:attachment":[{"href":"https:\/\/troypetshop.com\/fr\/wp-json\/wp\/v2\/media?parent=6255"}],"wp:term":[{"taxonomy":"product_brand","embeddable":true,"href":"https:\/\/troypetshop.com\/fr\/wp-json\/wp\/v2\/product_brand?post=6255"},{"taxonomy":"product_cat","embeddable":true,"href":"https:\/\/troypetshop.com\/fr\/wp-json\/wp\/v2\/product_cat?post=6255"},{"taxonomy":"product_tag","embeddable":true,"href":"https:\/\/troypetshop.com\/fr\/wp-json\/wp\/v2\/product_tag?post=6255"}],"curies":[{"name":"wp","href":"https:\/\/api.w.org\/{rel}","templated":true}]}}