{"id":6265,"date":"2023-11-17T14:59:27","date_gmt":"2023-11-17T13:59:27","guid":{"rendered":"http:\/\/troypetshop.com\/product\/maison-du-chien\/"},"modified":"2026-02-28T16:52:38","modified_gmt":"2026-02-28T15:52:38","slug":"maison-du-chien","status":"publish","type":"product","link":"https:\/\/troypetshop.com\/fr\/product\/maison-du-chien\/","title":{"rendered":"Maison du chien"},"content":{"rendered":"","protected":false},"excerpt":{"rendered":"<p><strong>Maison pour chiens de petites et moyennes races.<\/strong><\/p>\n<p>\u25aa Convient aux chiens de petite et moyenne taille.<br \/>\n\u25aa Il pr\u00e9sente le style classique d&rsquo;une cabane et ajoute de la couleur \u00e0 votre maison gr\u00e2ce \u00e0 ses couleurs vives et \u00e9clatantes.<br \/>\n\u25aa Ce sera une merveilleuse maison pour votre chien.<br \/>\n\u25aa Des pr\u00e9cautions ont \u00e9t\u00e9 prises en bas pour \u00e9viter de rayer votre parquet et autres objets et tous les \u00e9l\u00e9ments en bois.<br \/>\nsont recouvertes de tissu pelucheux.<br \/>\n\u25aa Ne convient pas \u00e0 une utilisation en ext\u00e9rieur car il est fabriqu\u00e9 en bois. Il est recommand\u00e9 de l&rsquo;utiliser \u00e0 l&rsquo;int\u00e9rieur de la maison.<\/p>\n<p><strong>Dimensions du produit :<\/strong><br \/>\n\u25aa Section de la hutte : Largeur : 45cm, Profondeur : 40cm, Hauteur : 50cm<\/p>\n<p><strong>Veuillez s\u00e9lectionner l&rsquo;option de couleur avant d&rsquo;ajouter au panier. <\/strong><\/p>\n","protected":false},"featured_media":4217,"comment_status":"open","ping_status":"closed","template":"","meta":[],"product_brand":[],"product_cat":[1022,1149],"product_tag":[1090,1191,1190],"class_list":{"0":"post-6265","1":"product","2":"type-product","3":"status-publish","4":"has-post-thumbnail","6":"product_cat-chien","7":"product_cat-lits-et-maisons-pour-chiens","8":"product_tag-chien","9":"product_tag-interieur","10":"product_tag-niche-pour-chiens","11":"post","12":"post-with-thumbnail","13":"post-with-thumbnail-large","15":"first","16":"outofstock","17":"sale","18":"taxable","19":"shipping-taxable","20":"purchasable","21":"product-type-variable"},"_links":{"self":[{"href":"https:\/\/troypetshop.com\/fr\/wp-json\/wp\/v2\/product\/6265","targetHints":{"allow":["GET"]}}],"collection":[{"href":"https:\/\/troypetshop.com\/fr\/wp-json\/wp\/v2\/product"}],"about":[{"href":"https:\/\/troypetshop.com\/fr\/wp-json\/wp\/v2\/types\/product"}],"replies":[{"embeddable":true,"href":"https:\/\/troypetshop.com\/fr\/wp-json\/wp\/v2\/comments?post=6265"}],"wp:featuredmedia":[{"embeddable":true,"href":"https:\/\/troypetshop.com\/fr\/wp-json\/wp\/v2\/media\/4217"}],"wp:attachment":[{"href":"https:\/\/troypetshop.com\/fr\/wp-json\/wp\/v2\/media?parent=6265"}],"wp:term":[{"taxonomy":"product_brand","embeddable":true,"href":"https:\/\/troypetshop.com\/fr\/wp-json\/wp\/v2\/product_brand?post=6265"},{"taxonomy":"product_cat","embeddable":true,"href":"https:\/\/troypetshop.com\/fr\/wp-json\/wp\/v2\/product_cat?post=6265"},{"taxonomy":"product_tag","embeddable":true,"href":"https:\/\/troypetshop.com\/fr\/wp-json\/wp\/v2\/product_tag?post=6265"}],"curies":[{"name":"wp","href":"https:\/\/api.w.org\/{rel}","templated":true}]}}