{"id":6270,"date":"2023-11-16T21:00:15","date_gmt":"2023-11-16T20:00:15","guid":{"rendered":"http:\/\/troypetshop.com\/product\/maison-cubique-avec-poteau\/"},"modified":"2026-02-28T16:52:39","modified_gmt":"2026-02-28T15:52:39","slug":"maison-cubique-avec-poteau","status":"publish","type":"product","link":"https:\/\/troypetshop.com\/fr\/product\/maison-cubique-avec-poteau\/","title":{"rendered":"Maison cubique avec poteau"},"content":{"rendered":"","protected":false},"excerpt":{"rendered":"<p><strong>Maison de chat et griffoir Cubic.<br \/>\n<\/strong><\/p>\n<p>\u25aa Convient aux chats de tous \u00e2ges.<br \/>\n\u25aa Conception pour r\u00e9pondre aux besoins indispensables de grattage, de jeu et d&rsquo;abri de vos chats.<br \/>\n\u25aa Tissu pelucheux recouvert de bois. La partie inf\u00e9rieure est \u00e9galement recouverte pour \u00e9viter de rayer votre parquet ou d&rsquo;autres mat\u00e9riaux.<br \/>\narticles.<br \/>\n\u25aa Le griffoir mesure 50 cm et est entour\u00e9 d&rsquo;une corde de jute. Il permet d&rsquo;\u00e9viter que les chats n&rsquo;endommagent les<br \/>\nmeubles de la maison. Il contribue au soin des ongles des chats.<br \/>\n\u25aa Ne convient pas \u00e0 une utilisation en ext\u00e9rieur car il est fabriqu\u00e9 en bois. Il est recommand\u00e9 de l&rsquo;utiliser \u00e0 l&rsquo;int\u00e9rieur de la maison.<\/p>\n<p><strong>Dimensions du produit :<\/strong><br \/>\n\u25aa Sol : 40cm x 45cm<br \/>\n\u25aa Section de la hutte : Largeur : 40cm, Profondeur : 30cm, Hauteur : 35cm<br \/>\nHauteur totale : 85 cm<\/p>\n<p><strong>Veuillez s\u00e9lectionner l&rsquo;option de couleur avant d&rsquo;ajouter au panier. <\/strong><\/p>\n","protected":false},"featured_media":4187,"comment_status":"open","ping_status":"closed","template":"","meta":[],"product_brand":[],"product_cat":[1077,1197,1196,458],"product_tag":[1091,1198,1199],"class_list":{"0":"post-6270","1":"product","2":"type-product","3":"status-publish","4":"has-post-thumbnail","6":"product_cat-cat-fr","7":"product_cat-maison-pour-chat-et-griffoir","8":"product_cat-meubles-et-maisons","9":"product_cat-nos-produits","10":"product_tag-cat-fr","11":"product_tag-griffoir","12":"product_tag-maison-pour-chats","13":"post","14":"post-with-thumbnail","15":"post-with-thumbnail-large","17":"first","18":"outofstock","19":"sale","20":"taxable","21":"shipping-taxable","22":"purchasable","23":"product-type-variable"},"_links":{"self":[{"href":"https:\/\/troypetshop.com\/fr\/wp-json\/wp\/v2\/product\/6270","targetHints":{"allow":["GET"]}}],"collection":[{"href":"https:\/\/troypetshop.com\/fr\/wp-json\/wp\/v2\/product"}],"about":[{"href":"https:\/\/troypetshop.com\/fr\/wp-json\/wp\/v2\/types\/product"}],"replies":[{"embeddable":true,"href":"https:\/\/troypetshop.com\/fr\/wp-json\/wp\/v2\/comments?post=6270"}],"wp:featuredmedia":[{"embeddable":true,"href":"https:\/\/troypetshop.com\/fr\/wp-json\/wp\/v2\/media\/4187"}],"wp:attachment":[{"href":"https:\/\/troypetshop.com\/fr\/wp-json\/wp\/v2\/media?parent=6270"}],"wp:term":[{"taxonomy":"product_brand","embeddable":true,"href":"https:\/\/troypetshop.com\/fr\/wp-json\/wp\/v2\/product_brand?post=6270"},{"taxonomy":"product_cat","embeddable":true,"href":"https:\/\/troypetshop.com\/fr\/wp-json\/wp\/v2\/product_cat?post=6270"},{"taxonomy":"product_tag","embeddable":true,"href":"https:\/\/troypetshop.com\/fr\/wp-json\/wp\/v2\/product_tag?post=6270"}],"curies":[{"name":"wp","href":"https:\/\/api.w.org\/{rel}","templated":true}]}}