{"id":6275,"date":"2023-11-16T12:52:46","date_gmt":"2023-11-16T11:52:46","guid":{"rendered":"http:\/\/troypetshop.com\/product\/maison-de-chat-cubique-avec-bols\/"},"modified":"2026-02-28T16:52:39","modified_gmt":"2026-02-28T15:52:39","slug":"maison-cubique-et-ecuelles","status":"publish","type":"product","link":"https:\/\/troypetshop.com\/fr\/product\/maison-cubique-et-ecuelles\/","title":{"rendered":"Maison cubique et \u00e9cuelles"},"content":{"rendered":"","protected":false},"excerpt":{"rendered":"<p><strong>Maison cubique pour chats avec \u00e9cuelles en acier pour la nourriture et l&rsquo;eau <\/strong><\/p>\n<p>\u25aa Convient aux chats de tous \u00e2ges.<br \/>\n\u25aa Il est con\u00e7u pour r\u00e9pondre aux indispensables besoins de grattage, de jeu et d&rsquo;abri de vos chats.<br \/>\n\u25aa Tissu pelucheux recouvert de bois. La partie inf\u00e9rieure est \u00e9galement recouverte d&rsquo;un tissu doux et moelleux.<br \/>\n\u25aa Le griffoir mesure 50 cm et est entour\u00e9 d&rsquo;une corde de jute. Il permet d&rsquo;\u00e9viter que les chats n&rsquo;ab\u00eement les meubles de la maison et contribue \u00e0 l&rsquo;entretien des ongles des chats.<br \/>\nmeubles de la maison et contribue \u00e0 l&rsquo;entretien des ongles des chats.<br \/>\n\u25aa Il y a 2 bols \u00e0 nourriture en acier sur le c\u00f4t\u00e9 de la maison pour chats. Ces bols ont une capacit\u00e9 de 250 ml et un diam\u00e8tre de 12 cm.<br \/>\nde diam\u00e8tre.<br \/>\n\u25aa Ne convient pas \u00e0 une utilisation en ext\u00e9rieur car elle est fabriqu\u00e9e en bois. Il est recommand\u00e9 de l&rsquo;utiliser \u00e0 l&rsquo;int\u00e9rieur de la maison.<\/p>\n<p><strong>Dimensions du produit :<br \/>\n\u25aa Section de la hutte : Largeur : 40cm, Profondeur : 30cm, Hauteur : 35cm<br \/>\nTable sup\u00e9rieure : 20cm x 20cm<br \/>\nColonne de grattage : 50cm<br \/>\nLargeur totale, y compris le coin repas : 55cm<br \/>\nHauteur totale : 85 cm<\/strong><\/p>\n<p><strong>Veuillez s\u00e9lectionner l&rsquo;option de couleur avant d&rsquo;ajouter au panier. <\/strong><\/p>\n","protected":false},"featured_media":4169,"comment_status":"open","ping_status":"closed","template":"","meta":[],"product_brand":[],"product_cat":[1077,1197],"product_tag":[1204,1091,1198,1199],"class_list":{"0":"post-6275","1":"product","2":"type-product","3":"status-publish","4":"has-post-thumbnail","6":"product_cat-cat-fr","7":"product_cat-maison-pour-chat-et-griffoir","8":"product_tag-bols-en-acier","9":"product_tag-cat-fr","10":"product_tag-griffoir","11":"product_tag-maison-pour-chats","12":"post","13":"post-with-thumbnail","14":"post-with-thumbnail-large","16":"first","17":"outofstock","18":"sale","19":"taxable","20":"shipping-taxable","21":"purchasable","22":"product-type-variable","23":"has-default-attributes"},"_links":{"self":[{"href":"https:\/\/troypetshop.com\/fr\/wp-json\/wp\/v2\/product\/6275","targetHints":{"allow":["GET"]}}],"collection":[{"href":"https:\/\/troypetshop.com\/fr\/wp-json\/wp\/v2\/product"}],"about":[{"href":"https:\/\/troypetshop.com\/fr\/wp-json\/wp\/v2\/types\/product"}],"replies":[{"embeddable":true,"href":"https:\/\/troypetshop.com\/fr\/wp-json\/wp\/v2\/comments?post=6275"}],"wp:featuredmedia":[{"embeddable":true,"href":"https:\/\/troypetshop.com\/fr\/wp-json\/wp\/v2\/media\/4169"}],"wp:attachment":[{"href":"https:\/\/troypetshop.com\/fr\/wp-json\/wp\/v2\/media?parent=6275"}],"wp:term":[{"taxonomy":"product_brand","embeddable":true,"href":"https:\/\/troypetshop.com\/fr\/wp-json\/wp\/v2\/product_brand?post=6275"},{"taxonomy":"product_cat","embeddable":true,"href":"https:\/\/troypetshop.com\/fr\/wp-json\/wp\/v2\/product_cat?post=6275"},{"taxonomy":"product_tag","embeddable":true,"href":"https:\/\/troypetshop.com\/fr\/wp-json\/wp\/v2\/product_tag?post=6275"}],"curies":[{"name":"wp","href":"https:\/\/api.w.org\/{rel}","templated":true}]}}