{"id":6286,"date":"2023-11-03T11:24:30","date_gmt":"2023-11-03T10:24:30","guid":{"rendered":"http:\/\/troypetshop.com\/product\/recipient-alimentaire-en-bois\/"},"modified":"2026-02-28T16:44:09","modified_gmt":"2026-02-28T15:44:09","slug":"recipients-alimentaires","status":"publish","type":"product","link":"https:\/\/troypetshop.com\/fr\/product\/recipients-alimentaires\/","title":{"rendered":"R\u00e9cipient alimentaire en bois"},"content":{"rendered":"","protected":false},"excerpt":{"rendered":"<p><strong>Ecuelle en bois pour nourriture et eau pour chats et chiens en acier, 2 pi\u00e8ces<\/strong><\/p>\n<p>\u25aa Nourriture en bois sp\u00e9cialement con\u00e7ue pour les chats et les chiens<br \/>\net le bol d&rsquo;eau est une zone d&rsquo;utilisation confortable pour nos amis \u00e0 pattes<br \/>\n\u25aa Il dispose de deux zones diff\u00e9rentes pour l&rsquo;eau et la nourriture.<br \/>\n\u25aa Facile \u00e0 nettoyer. Les bols peuvent \u00eatre lav\u00e9s en machine.<br \/>\n\u25aa Peut \u00eatre facilement retir\u00e9 et remis \u00e0 sa place d&rsquo;origine.<br \/>\nLes bols alimentaires ont une capacit\u00e9 de 220 ml.<br \/>\n\u25aa 2 bols en acier inoxydable sont inclus dans le prix.<\/p>\n<p><strong>Dimensions du produit :<\/strong><\/p>\n<p>Longueur: 40cm,\u00a0 Hauteur : 20cm,\u00a0 Largeur : 10cm<\/p>\n","protected":false},"featured_media":3779,"comment_status":"open","ping_status":"closed","template":"","meta":[],"product_brand":[],"product_cat":[1101,1215],"product_tag":[1218,1217,1091,1090,1216,1220,1219],"class_list":{"0":"post-6286","1":"product","2":"type-product","3":"status-publish","4":"has-post-thumbnail","6":"product_cat-accessoires-pour-chats-et-chiens","7":"product_cat-bols","8":"product_tag-acier","9":"product_tag-bois","10":"product_tag-cat-fr","11":"product_tag-chien","12":"product_tag-cuvette","13":"product_tag-leau","14":"product_tag-nourriture","15":"post","16":"post-with-thumbnail","17":"post-with-thumbnail-large","19":"first","20":"outofstock","21":"sale","22":"taxable","23":"shipping-taxable","24":"purchasable","25":"product-type-simple"},"_links":{"self":[{"href":"https:\/\/troypetshop.com\/fr\/wp-json\/wp\/v2\/product\/6286","targetHints":{"allow":["GET"]}}],"collection":[{"href":"https:\/\/troypetshop.com\/fr\/wp-json\/wp\/v2\/product"}],"about":[{"href":"https:\/\/troypetshop.com\/fr\/wp-json\/wp\/v2\/types\/product"}],"replies":[{"embeddable":true,"href":"https:\/\/troypetshop.com\/fr\/wp-json\/wp\/v2\/comments?post=6286"}],"wp:featuredmedia":[{"embeddable":true,"href":"https:\/\/troypetshop.com\/fr\/wp-json\/wp\/v2\/media\/3779"}],"wp:attachment":[{"href":"https:\/\/troypetshop.com\/fr\/wp-json\/wp\/v2\/media?parent=6286"}],"wp:term":[{"taxonomy":"product_brand","embeddable":true,"href":"https:\/\/troypetshop.com\/fr\/wp-json\/wp\/v2\/product_brand?post=6286"},{"taxonomy":"product_cat","embeddable":true,"href":"https:\/\/troypetshop.com\/fr\/wp-json\/wp\/v2\/product_cat?post=6286"},{"taxonomy":"product_tag","embeddable":true,"href":"https:\/\/troypetshop.com\/fr\/wp-json\/wp\/v2\/product_tag?post=6286"}],"curies":[{"name":"wp","href":"https:\/\/api.w.org\/{rel}","templated":true}]}}