{"id":6287,"date":"2023-11-02T17:02:37","date_gmt":"2023-11-02T16:02:37","guid":{"rendered":"http:\/\/troypetshop.com\/product\/poteau-a-gratter-avec-brosse\/"},"modified":"2026-02-28T16:52:40","modified_gmt":"2026-02-28T15:52:40","slug":"poteau-a-gratter-avec-brosse","status":"publish","type":"product","link":"https:\/\/troypetshop.com\/fr\/product\/poteau-a-gratter-avec-brosse\/","title":{"rendered":"Poteau \u00e0 gratter avec brosse"},"content":{"rendered":"","protected":false},"excerpt":{"rendered":"<p><strong>Griffoir pour chat avec brosse \u00e0 gratter<\/strong><\/p>\n<ul>\n<li>Le corps en bois est recouvert d&rsquo;un tissu doux.<\/li>\n<li>La corde de jute naturelle et durable est utilis\u00e9e pour gratter les tuyaux.<\/li>\n<li>Les bases des produits que nous avons \u00e9labor\u00e9s pour pr\u00e9venir les dommages aux objets dans vos zones sont couvertes.<\/li>\n<li>Il vous aide \u00e0 prot\u00e9ger les biens de votre maison en permettant \u00e0 nos chers amis de satisfaire leurs instincts naturels de grattage.<\/li>\n<li>Pour rendre les griffades plus attrayantes pour votre chat, l&rsquo;application d&rsquo;herbe \u00e0 chat sur ces griffes donnera de tr\u00e8s bons r\u00e9sultats.<\/li>\n<li>Hauteur du poteau : 50cm, Diam\u00e8tre du tuyau : 7cm<\/li>\n<li>Hauteur de la brosse : 30cm<\/li>\n<\/ul>\n<p><strong>Veuillez s\u00e9lectionner l&rsquo;option de couleur avant d&rsquo;ajouter au panier. <\/strong><\/p>\n","protected":false},"featured_media":3731,"comment_status":"open","ping_status":"closed","template":"","meta":[],"product_brand":[],"product_cat":[1077,1196,1221],"product_tag":[1222,1091,1198],"class_list":{"0":"post-6287","1":"product","2":"type-product","3":"status-publish","4":"has-post-thumbnail","6":"product_cat-cat-fr","7":"product_cat-meubles-et-maisons","8":"product_cat-poteaux-et-coussins-a-gratter","9":"product_tag-brosse-a-gratter","10":"product_tag-cat-fr","11":"product_tag-griffoir","12":"post","13":"post-with-thumbnail","14":"post-with-thumbnail-large","16":"first","17":"outofstock","18":"sale","19":"taxable","20":"shipping-taxable","21":"purchasable","22":"product-type-variable"},"_links":{"self":[{"href":"https:\/\/troypetshop.com\/fr\/wp-json\/wp\/v2\/product\/6287","targetHints":{"allow":["GET"]}}],"collection":[{"href":"https:\/\/troypetshop.com\/fr\/wp-json\/wp\/v2\/product"}],"about":[{"href":"https:\/\/troypetshop.com\/fr\/wp-json\/wp\/v2\/types\/product"}],"replies":[{"embeddable":true,"href":"https:\/\/troypetshop.com\/fr\/wp-json\/wp\/v2\/comments?post=6287"}],"wp:featuredmedia":[{"embeddable":true,"href":"https:\/\/troypetshop.com\/fr\/wp-json\/wp\/v2\/media\/3731"}],"wp:attachment":[{"href":"https:\/\/troypetshop.com\/fr\/wp-json\/wp\/v2\/media?parent=6287"}],"wp:term":[{"taxonomy":"product_brand","embeddable":true,"href":"https:\/\/troypetshop.com\/fr\/wp-json\/wp\/v2\/product_brand?post=6287"},{"taxonomy":"product_cat","embeddable":true,"href":"https:\/\/troypetshop.com\/fr\/wp-json\/wp\/v2\/product_cat?post=6287"},{"taxonomy":"product_tag","embeddable":true,"href":"https:\/\/troypetshop.com\/fr\/wp-json\/wp\/v2\/product_tag?post=6287"}],"curies":[{"name":"wp","href":"https:\/\/api.w.org\/{rel}","templated":true}]}}