{"id":6292,"date":"2023-11-01T14:13:23","date_gmt":"2023-11-01T13:13:23","guid":{"rendered":"http:\/\/troypetshop.com\/product\/griffoirs-en-carton-pour-chats\/"},"modified":"2026-02-28T16:46:32","modified_gmt":"2026-02-28T15:46:32","slug":"griffoirs-en-carton-pour-chats","status":"publish","type":"product","link":"https:\/\/troypetshop.com\/fr\/product\/griffoirs-en-carton-pour-chats\/","title":{"rendered":"Griffoirs en carton pour chats"},"content":{"rendered":"","protected":false},"excerpt":{"rendered":"<p><strong>Sauvez vos meubles et vos tapis du chat !<\/strong><\/p>\n<p>Les chats ont des instincts naturels de griffes et de chasse, ce carton aidera votre chat \u00e0 obtenir..,<br \/>\n\u25aa Des griffes en bonne sant\u00e9,<br \/>\n\u25aa Satisfaire \u00e0 l&rsquo;exercice quotidien,<br \/>\n\u25aa Lib\u00e9rer le stress,<br \/>\n\u25aa Avoir une bonne sant\u00e9 mentale et physique.<\/p>\n<p>Dimensions : 44,5 x 21 x 4cm : Objet rectangulaire d&rsquo;une longueur de 44,5 centim\u00e8tres, d&rsquo;une largeur de 21 centim\u00e8tres et d&rsquo;une hauteur de 4 centim\u00e8tres.<\/p>\n","protected":false},"featured_media":9437,"comment_status":"open","ping_status":"closed","template":"","meta":[],"product_brand":[],"product_cat":[1077,1221],"product_tag":[1227,1091,1228],"class_list":{"0":"post-6292","1":"product","2":"type-product","3":"status-publish","4":"has-post-thumbnail","6":"product_cat-cat-fr","7":"product_cat-poteaux-et-coussins-a-gratter","8":"product_tag-carton","9":"product_tag-cat-fr","10":"product_tag-gratte-papier","11":"post","12":"post-with-thumbnail","13":"post-with-thumbnail-large","15":"first","16":"instock","17":"sale","18":"taxable","19":"shipping-taxable","20":"purchasable","21":"product-type-simple"},"_links":{"self":[{"href":"https:\/\/troypetshop.com\/fr\/wp-json\/wp\/v2\/product\/6292","targetHints":{"allow":["GET"]}}],"collection":[{"href":"https:\/\/troypetshop.com\/fr\/wp-json\/wp\/v2\/product"}],"about":[{"href":"https:\/\/troypetshop.com\/fr\/wp-json\/wp\/v2\/types\/product"}],"replies":[{"embeddable":true,"href":"https:\/\/troypetshop.com\/fr\/wp-json\/wp\/v2\/comments?post=6292"}],"wp:featuredmedia":[{"embeddable":true,"href":"https:\/\/troypetshop.com\/fr\/wp-json\/wp\/v2\/media\/9437"}],"wp:attachment":[{"href":"https:\/\/troypetshop.com\/fr\/wp-json\/wp\/v2\/media?parent=6292"}],"wp:term":[{"taxonomy":"product_brand","embeddable":true,"href":"https:\/\/troypetshop.com\/fr\/wp-json\/wp\/v2\/product_brand?post=6292"},{"taxonomy":"product_cat","embeddable":true,"href":"https:\/\/troypetshop.com\/fr\/wp-json\/wp\/v2\/product_cat?post=6292"},{"taxonomy":"product_tag","embeddable":true,"href":"https:\/\/troypetshop.com\/fr\/wp-json\/wp\/v2\/product_tag?post=6292"}],"curies":[{"name":"wp","href":"https:\/\/api.w.org\/{rel}","templated":true}]}}