{"id":6300,"date":"2023-10-29T15:33:23","date_gmt":"2023-10-29T14:33:23","guid":{"rendered":"http:\/\/troypetshop.com\/product\/lits-circle-polar-pour-animaux-de-compagnie\/"},"modified":"2026-02-28T16:52:43","modified_gmt":"2026-02-28T15:52:43","slug":"lits-circle-polar-pour-animaux-de-compagnie","status":"publish","type":"product","link":"https:\/\/troypetshop.com\/fr\/product\/lits-circle-polar-pour-animaux-de-compagnie\/","title":{"rendered":"Lits Circle Polar pour animaux de compagnie"},"content":{"rendered":"","protected":false},"excerpt":{"rendered":"<p>Sp\u00e9cialement con\u00e7u en tissu polaire pour les chats et les chiens de petite race.<\/p>\n<p>Il se compose de deux parties : le coussin et le corps.<\/p>\n<p>Il contient 100 % de fibres.<\/p>\n<p>Facile \u00e0 nettoyer. Il peut \u00eatre lav\u00e9 en machine \u00e0 basse temp\u00e9rature et avec un programme court.<\/p>\n<p>Il ne n\u00e9cessite pas de repassage.<\/p>\n<p>Il offre une belle apparence gr\u00e2ce \u00e0 son n\u0153ud.<\/p>\n<p>Il tient chaud et a une structure souple.<\/p>\n<p>Dimensions du produit : Largeur : 50cm, Longueur : 50cm, Hauteur : 12cm<br \/>\nNotre lit mesure 50&#215;50 cm et est doux et confortable \u00e0 utiliser.<\/p>\n<p>L&rsquo;int\u00e9rieur est rempli de fibres de perles silicon\u00e9es.<\/p>\n<p><strong>Veuillez s\u00e9lectionner l&rsquo;option de couleur avant d&rsquo;ajouter au panier. <\/strong><\/p>\n","protected":false},"featured_media":4301,"comment_status":"open","ping_status":"closed","template":"","meta":[],"product_brand":[],"product_cat":[1077,1022,1148,1149,458],"product_tag":[1091,1090,1237],"class_list":{"0":"post-6300","1":"product","2":"type-product","3":"status-publish","4":"has-post-thumbnail","6":"product_cat-cat-fr","7":"product_cat-chien","8":"product_cat-lits","9":"product_cat-lits-et-maisons-pour-chiens","10":"product_cat-nos-produits","11":"product_tag-cat-fr","12":"product_tag-chien","13":"product_tag-lits-en-cercle","14":"post","15":"post-with-thumbnail","16":"post-with-thumbnail-large","18":"first","19":"outofstock","20":"taxable","21":"shipping-taxable","22":"product-type-variable"},"_links":{"self":[{"href":"https:\/\/troypetshop.com\/fr\/wp-json\/wp\/v2\/product\/6300","targetHints":{"allow":["GET"]}}],"collection":[{"href":"https:\/\/troypetshop.com\/fr\/wp-json\/wp\/v2\/product"}],"about":[{"href":"https:\/\/troypetshop.com\/fr\/wp-json\/wp\/v2\/types\/product"}],"replies":[{"embeddable":true,"href":"https:\/\/troypetshop.com\/fr\/wp-json\/wp\/v2\/comments?post=6300"}],"wp:featuredmedia":[{"embeddable":true,"href":"https:\/\/troypetshop.com\/fr\/wp-json\/wp\/v2\/media\/4301"}],"wp:attachment":[{"href":"https:\/\/troypetshop.com\/fr\/wp-json\/wp\/v2\/media?parent=6300"}],"wp:term":[{"taxonomy":"product_brand","embeddable":true,"href":"https:\/\/troypetshop.com\/fr\/wp-json\/wp\/v2\/product_brand?post=6300"},{"taxonomy":"product_cat","embeddable":true,"href":"https:\/\/troypetshop.com\/fr\/wp-json\/wp\/v2\/product_cat?post=6300"},{"taxonomy":"product_tag","embeddable":true,"href":"https:\/\/troypetshop.com\/fr\/wp-json\/wp\/v2\/product_tag?post=6300"}],"curies":[{"name":"wp","href":"https:\/\/api.w.org\/{rel}","templated":true}]}}