{"id":6305,"date":"2023-10-25T13:58:18","date_gmt":"2023-10-25T11:58:18","guid":{"rendered":"http:\/\/troypetshop.com\/product\/muselieres-en-cuir-pour-chiens\/"},"modified":"2026-02-28T16:52:44","modified_gmt":"2026-02-28T15:52:44","slug":"muselieres-en-cuir-pour-chiens","status":"publish","type":"product","link":"https:\/\/troypetshop.com\/fr\/product\/muselieres-en-cuir-pour-chiens\/","title":{"rendered":"Museli\u00e8res en cuir pour chiens"},"content":{"rendered":"","protected":false},"excerpt":{"rendered":"<p>Une museli\u00e8re cr\u00e9e souvent un environnement plus calme, plus d\u00e9tendu et beaucoup plus s\u00fbr pour votre chien, votre v\u00e9t\u00e9rinaire et vous-m\u00eame. Ils pr\u00e9viennent les morsures de chien et l&rsquo;ingestion de corps \u00e9trangers.<\/p>\n<p>La museli\u00e8re en cuir est parfaitement a\u00e9r\u00e9e, de sorte que votre chien peut porter cette museli\u00e8re pendant une longue p\u00e9riode sans ressentir la moindre g\u00eane.<\/p>\n<p>&#8211; Les produits sont fabriqu\u00e9s \u00e0 la main en cuir v\u00e9ritable<br \/>\n&#8211; Des agrafes en nickel brillant sont utilis\u00e9es<br \/>\n&#8211; Couleurs : Noir, marron clair, marron fonc\u00e9, etc.<\/p>\n<p><strong>Veuillez s\u00e9lectionner les options de couleur et de type avant d&rsquo;ajouter au panier. <\/strong><\/p>\n<p>&nbsp;<\/p>\n","protected":false},"featured_media":4061,"comment_status":"open","ping_status":"closed","template":"","meta":[],"product_brand":[],"product_cat":[1022,1023,1242],"product_tag":[1090,1027,1157,1243,1244],"class_list":{"0":"post-6305","1":"product","2":"type-product","3":"status-publish","4":"has-post-thumbnail","6":"product_cat-chien","7":"product_cat-colliers-et-laisses-pour-chiens","8":"product_cat-muselieres-pour-chiens","9":"product_tag-chien","10":"product_tag-collier","11":"product_tag-cuir","12":"product_tag-fait-a-la-main","13":"product_tag-muselieres","14":"post","15":"post-with-thumbnail","16":"post-with-thumbnail-large","18":"first","19":"outofstock","20":"sale","21":"taxable","22":"shipping-taxable","23":"purchasable","24":"product-type-variable"},"_links":{"self":[{"href":"https:\/\/troypetshop.com\/fr\/wp-json\/wp\/v2\/product\/6305","targetHints":{"allow":["GET"]}}],"collection":[{"href":"https:\/\/troypetshop.com\/fr\/wp-json\/wp\/v2\/product"}],"about":[{"href":"https:\/\/troypetshop.com\/fr\/wp-json\/wp\/v2\/types\/product"}],"replies":[{"embeddable":true,"href":"https:\/\/troypetshop.com\/fr\/wp-json\/wp\/v2\/comments?post=6305"}],"wp:featuredmedia":[{"embeddable":true,"href":"https:\/\/troypetshop.com\/fr\/wp-json\/wp\/v2\/media\/4061"}],"wp:attachment":[{"href":"https:\/\/troypetshop.com\/fr\/wp-json\/wp\/v2\/media?parent=6305"}],"wp:term":[{"taxonomy":"product_brand","embeddable":true,"href":"https:\/\/troypetshop.com\/fr\/wp-json\/wp\/v2\/product_brand?post=6305"},{"taxonomy":"product_cat","embeddable":true,"href":"https:\/\/troypetshop.com\/fr\/wp-json\/wp\/v2\/product_cat?post=6305"},{"taxonomy":"product_tag","embeddable":true,"href":"https:\/\/troypetshop.com\/fr\/wp-json\/wp\/v2\/product_tag?post=6305"}],"curies":[{"name":"wp","href":"https:\/\/api.w.org\/{rel}","templated":true}]}}