{"id":6322,"date":"2023-10-24T15:09:33","date_gmt":"2023-10-24T13:09:33","guid":{"rendered":"http:\/\/troypetshop.com\/product\/cuir-a-ressorts\/"},"modified":"2026-02-28T16:52:44","modified_gmt":"2026-02-28T15:52:44","slug":"cuir-a-ressorts","status":"publish","type":"product","link":"https:\/\/troypetshop.com\/fr\/product\/cuir-a-ressorts\/","title":{"rendered":"Cuir \u00e0 ressorts"},"content":{"rendered":"","protected":false},"excerpt":{"rendered":"<p>Tous les produits sont fabriqu\u00e9s sur mesure. Des mat\u00e9riaux de qualit\u00e9 sup\u00e9rieure et des designs magnifiques.<br \/>\nLaisses pour chiens en cuir v\u00e9ritable, fabriqu\u00e9es \u00e0 la main, antichocs, avec poign\u00e9e rembourr\u00e9e.<br \/>\nTailles : moyenne = 47 cm de long et 2,5 cm de large, grande = 57 cm de long et 2,5 cm de large.<br \/>\nBoucles et ressort nickel\u00e9s Crom<br \/>\nNous proposons des laisses noires, rouges, marron clair et marron fonc\u00e9.<\/p>\n<p><strong>Veuillez s\u00e9lectionner l&rsquo;option de couleur avant d&rsquo;ajouter au panier. <\/strong><\/p>\n","protected":false},"featured_media":4133,"comment_status":"open","ping_status":"closed","template":"","meta":[],"product_brand":[],"product_cat":[1022,1023,1041,458],"product_tag":[1157,1042,1256,1043],"class_list":{"0":"post-6322","1":"product","2":"type-product","3":"status-publish","4":"has-post-thumbnail","6":"product_cat-chien","7":"product_cat-colliers-et-laisses-pour-chiens","8":"product_cat-laisses-pour-chiens","9":"product_cat-nos-produits","10":"product_tag-cuir","11":"product_tag-laisse","12":"product_tag-laisses-a-ressort-court","13":"product_tag-longue-marche","14":"post","15":"post-with-thumbnail","16":"post-with-thumbnail-large","18":"first","19":"outofstock","20":"sale","21":"taxable","22":"shipping-taxable","23":"purchasable","24":"product-type-variable"},"_links":{"self":[{"href":"https:\/\/troypetshop.com\/fr\/wp-json\/wp\/v2\/product\/6322","targetHints":{"allow":["GET"]}}],"collection":[{"href":"https:\/\/troypetshop.com\/fr\/wp-json\/wp\/v2\/product"}],"about":[{"href":"https:\/\/troypetshop.com\/fr\/wp-json\/wp\/v2\/types\/product"}],"replies":[{"embeddable":true,"href":"https:\/\/troypetshop.com\/fr\/wp-json\/wp\/v2\/comments?post=6322"}],"wp:featuredmedia":[{"embeddable":true,"href":"https:\/\/troypetshop.com\/fr\/wp-json\/wp\/v2\/media\/4133"}],"wp:attachment":[{"href":"https:\/\/troypetshop.com\/fr\/wp-json\/wp\/v2\/media?parent=6322"}],"wp:term":[{"taxonomy":"product_brand","embeddable":true,"href":"https:\/\/troypetshop.com\/fr\/wp-json\/wp\/v2\/product_brand?post=6322"},{"taxonomy":"product_cat","embeddable":true,"href":"https:\/\/troypetshop.com\/fr\/wp-json\/wp\/v2\/product_cat?post=6322"},{"taxonomy":"product_tag","embeddable":true,"href":"https:\/\/troypetshop.com\/fr\/wp-json\/wp\/v2\/product_tag?post=6322"}],"curies":[{"name":"wp","href":"https:\/\/api.w.org\/{rel}","templated":true}]}}