{"id":6327,"date":"2023-10-24T14:35:34","date_gmt":"2023-10-24T12:35:34","guid":{"rendered":"http:\/\/troypetshop.com\/product\/cuir-tricote\/"},"modified":"2026-02-28T16:52:45","modified_gmt":"2026-02-28T15:52:45","slug":"cuir-tricote","status":"publish","type":"product","link":"https:\/\/troypetshop.com\/fr\/product\/cuir-tricote\/","title":{"rendered":"Cuir tricot\u00e9"},"content":{"rendered":"","protected":false},"excerpt":{"rendered":"<p>Tous les produits sont fabriqu\u00e9s sur mesure. Des mat\u00e9riaux en cuir de premi\u00e8re qualit\u00e9 et de beaux motifs.<\/p>\n<p>Laisses pour chiens en cuir tricot\u00e9 de 60 cm de long et de 1,5 cm de large avec poign\u00e9e rembourr\u00e9e.<\/p>\n<p>Nous proposons des couleurs noires, marron fonc\u00e9, marron clair et rouges.<\/p>\n<p><strong>Veuillez s\u00e9lectionner l&rsquo;option de couleur avant d&rsquo;ajouter au panier. <\/strong><\/p>\n","protected":false},"featured_media":3491,"comment_status":"open","ping_status":"closed","template":"","meta":[],"product_brand":[],"product_cat":[1022,1023,1041,458],"product_tag":[1157,1042,1262,1261],"class_list":{"0":"post-6327","1":"product","2":"type-product","3":"status-publish","4":"has-post-thumbnail","6":"product_cat-chien","7":"product_cat-colliers-et-laisses-pour-chiens","8":"product_cat-laisses-pour-chiens","9":"product_cat-nos-produits","10":"product_tag-cuir","11":"product_tag-laisse","12":"product_tag-ressort-en-fil-dacier","13":"product_tag-tricote","14":"post","15":"post-with-thumbnail","16":"post-with-thumbnail-large","18":"first","19":"outofstock","20":"sale","21":"taxable","22":"shipping-taxable","23":"purchasable","24":"product-type-variable","25":"has-default-attributes"},"_links":{"self":[{"href":"https:\/\/troypetshop.com\/fr\/wp-json\/wp\/v2\/product\/6327","targetHints":{"allow":["GET"]}}],"collection":[{"href":"https:\/\/troypetshop.com\/fr\/wp-json\/wp\/v2\/product"}],"about":[{"href":"https:\/\/troypetshop.com\/fr\/wp-json\/wp\/v2\/types\/product"}],"replies":[{"embeddable":true,"href":"https:\/\/troypetshop.com\/fr\/wp-json\/wp\/v2\/comments?post=6327"}],"wp:featuredmedia":[{"embeddable":true,"href":"https:\/\/troypetshop.com\/fr\/wp-json\/wp\/v2\/media\/3491"}],"wp:attachment":[{"href":"https:\/\/troypetshop.com\/fr\/wp-json\/wp\/v2\/media?parent=6327"}],"wp:term":[{"taxonomy":"product_brand","embeddable":true,"href":"https:\/\/troypetshop.com\/fr\/wp-json\/wp\/v2\/product_brand?post=6327"},{"taxonomy":"product_cat","embeddable":true,"href":"https:\/\/troypetshop.com\/fr\/wp-json\/wp\/v2\/product_cat?post=6327"},{"taxonomy":"product_tag","embeddable":true,"href":"https:\/\/troypetshop.com\/fr\/wp-json\/wp\/v2\/product_tag?post=6327"}],"curies":[{"name":"wp","href":"https:\/\/api.w.org\/{rel}","templated":true}]}}