{"id":6340,"date":"2023-10-24T14:06:45","date_gmt":"2023-10-24T12:06:45","guid":{"rendered":"http:\/\/troypetshop.com\/product\/sangle-tressee\/"},"modified":"2026-02-28T16:52:45","modified_gmt":"2026-02-28T15:52:45","slug":"sangle-tressee","status":"publish","type":"product","link":"https:\/\/troypetshop.com\/fr\/product\/sangle-tressee\/","title":{"rendered":"Sangle tress\u00e9e"},"content":{"rendered":"","protected":false},"excerpt":{"rendered":"<p><span id=\"productTitle\" class=\"a-size-large product-title-word-break\">Laisses pour chiens en nylon durable.<\/span><\/p>\n<p>Tous les produits sont fabriqu\u00e9s sur mesure. Des mat\u00e9riaux de qualit\u00e9 sup\u00e9rieure et des designs magnifiques. Laisses pour chiens en sangle tress\u00e9e de 100 cm de long et 2 cm de large, tr\u00e8s r\u00e9sistantes, avec poign\u00e9e rembourr\u00e9e pour une utilisation intensive pendant toute la dur\u00e9e de vie du chien.<\/p>\n<p><strong>Veuillez s\u00e9lectionner l&rsquo;option de couleur avant d&rsquo;ajouter au panier. <\/strong><\/p>\n<p id=\"title\" class=\"a-size-large a-spacing-none\">\n","protected":false},"featured_media":3485,"comment_status":"open","ping_status":"closed","template":"","meta":[],"product_brand":[],"product_cat":[1022,1023,1041,458],"product_tag":[1157,1042,1043,1044,1262,1261],"class_list":{"0":"post-6340","1":"product","2":"type-product","3":"status-publish","4":"has-post-thumbnail","6":"product_cat-chien","7":"product_cat-colliers-et-laisses-pour-chiens","8":"product_cat-laisses-pour-chiens","9":"product_cat-nos-produits","10":"product_tag-cuir","11":"product_tag-laisse","12":"product_tag-longue-marche","13":"product_tag-polyester-souple","14":"product_tag-ressort-en-fil-dacier","15":"product_tag-tricote","16":"post","17":"post-with-thumbnail","18":"post-with-thumbnail-large","20":"first","21":"outofstock","22":"sale","23":"taxable","24":"shipping-taxable","25":"purchasable","26":"product-type-variable"},"_links":{"self":[{"href":"https:\/\/troypetshop.com\/fr\/wp-json\/wp\/v2\/product\/6340","targetHints":{"allow":["GET"]}}],"collection":[{"href":"https:\/\/troypetshop.com\/fr\/wp-json\/wp\/v2\/product"}],"about":[{"href":"https:\/\/troypetshop.com\/fr\/wp-json\/wp\/v2\/types\/product"}],"replies":[{"embeddable":true,"href":"https:\/\/troypetshop.com\/fr\/wp-json\/wp\/v2\/comments?post=6340"}],"wp:featuredmedia":[{"embeddable":true,"href":"https:\/\/troypetshop.com\/fr\/wp-json\/wp\/v2\/media\/3485"}],"wp:attachment":[{"href":"https:\/\/troypetshop.com\/fr\/wp-json\/wp\/v2\/media?parent=6340"}],"wp:term":[{"taxonomy":"product_brand","embeddable":true,"href":"https:\/\/troypetshop.com\/fr\/wp-json\/wp\/v2\/product_brand?post=6340"},{"taxonomy":"product_cat","embeddable":true,"href":"https:\/\/troypetshop.com\/fr\/wp-json\/wp\/v2\/product_cat?post=6340"},{"taxonomy":"product_tag","embeddable":true,"href":"https:\/\/troypetshop.com\/fr\/wp-json\/wp\/v2\/product_tag?post=6340"}],"curies":[{"name":"wp","href":"https:\/\/api.w.org\/{rel}","templated":true}]}}