{"id":6346,"date":"2023-10-23T17:29:29","date_gmt":"2023-10-23T15:29:29","guid":{"rendered":"http:\/\/troypetshop.com\/product\/walking-long-en-cuir\/"},"modified":"2026-02-28T16:52:45","modified_gmt":"2026-02-28T15:52:45","slug":"walking-long-en-cuir","status":"publish","type":"product","link":"https:\/\/troypetshop.com\/fr\/product\/walking-long-en-cuir\/","title":{"rendered":"Walking Long en cuir"},"content":{"rendered":"","protected":false},"excerpt":{"rendered":"<p>Tous les produits sont fabriqu\u00e9s sur mesure. Des mat\u00e9riaux de qualit\u00e9 sup\u00e9rieure et des designs magnifiques.<\/p>\n<p>Laisse pour chien en cuir robuste de 100 cm de long et 2 cm de large avec poign\u00e9e rembourr\u00e9e.<\/p>\n<p>Ressort et boucles enrob\u00e9s de nickel Crom.<\/p>\n<p>Nous proposons des couleurs noires, rouges, marron clair et marron fonc\u00e9.<\/p>\n<p><strong>Veuillez s\u00e9lectionner l&rsquo;option de couleur avant d&rsquo;ajouter au panier. <\/strong><\/p>\n","protected":false},"featured_media":4019,"comment_status":"open","ping_status":"closed","template":"","meta":[],"product_brand":[],"product_cat":[1022,1023,1041,458],"product_tag":[1157,1042,1043,1262],"class_list":{"0":"post-6346","1":"product","2":"type-product","3":"status-publish","4":"has-post-thumbnail","6":"product_cat-chien","7":"product_cat-colliers-et-laisses-pour-chiens","8":"product_cat-laisses-pour-chiens","9":"product_cat-nos-produits","10":"product_tag-cuir","11":"product_tag-laisse","12":"product_tag-longue-marche","13":"product_tag-ressort-en-fil-dacier","14":"post","15":"post-with-thumbnail","16":"post-with-thumbnail-large","18":"first","19":"outofstock","20":"sale","21":"taxable","22":"shipping-taxable","23":"purchasable","24":"product-type-variable"},"_links":{"self":[{"href":"https:\/\/troypetshop.com\/fr\/wp-json\/wp\/v2\/product\/6346","targetHints":{"allow":["GET"]}}],"collection":[{"href":"https:\/\/troypetshop.com\/fr\/wp-json\/wp\/v2\/product"}],"about":[{"href":"https:\/\/troypetshop.com\/fr\/wp-json\/wp\/v2\/types\/product"}],"replies":[{"embeddable":true,"href":"https:\/\/troypetshop.com\/fr\/wp-json\/wp\/v2\/comments?post=6346"}],"wp:featuredmedia":[{"embeddable":true,"href":"https:\/\/troypetshop.com\/fr\/wp-json\/wp\/v2\/media\/4019"}],"wp:attachment":[{"href":"https:\/\/troypetshop.com\/fr\/wp-json\/wp\/v2\/media?parent=6346"}],"wp:term":[{"taxonomy":"product_brand","embeddable":true,"href":"https:\/\/troypetshop.com\/fr\/wp-json\/wp\/v2\/product_brand?post=6346"},{"taxonomy":"product_cat","embeddable":true,"href":"https:\/\/troypetshop.com\/fr\/wp-json\/wp\/v2\/product_cat?post=6346"},{"taxonomy":"product_tag","embeddable":true,"href":"https:\/\/troypetshop.com\/fr\/wp-json\/wp\/v2\/product_tag?post=6346"}],"curies":[{"name":"wp","href":"https:\/\/api.w.org\/{rel}","templated":true}]}}