{"id":6358,"date":"2023-10-14T14:33:48","date_gmt":"2023-10-14T12:33:48","guid":{"rendered":"http:\/\/troypetshop.com\/product\/maison-pour-chat-avec-griffoir\/"},"modified":"2026-02-28T16:52:46","modified_gmt":"2026-02-28T15:52:46","slug":"maison-pour-chat-avec-griffoir","status":"publish","type":"product","link":"https:\/\/troypetshop.com\/fr\/product\/maison-pour-chat-avec-griffoir\/","title":{"rendered":"Maison pour chat avec griffoir"},"content":{"rendered":"","protected":false},"excerpt":{"rendered":"<div class=\"woocommerce-product-details__short-description\">\n<p><strong>Maison pour chat avec griffoir<\/strong><\/p>\n<p>\u25aa Convient aux chats de tous \u00e2ges et constitue une plateforme de jeu amusante pour eux.<br \/>\n\u25aa Le sol est recouvert d&rsquo;un tissu welsoft sur bois mesurant 40cm x 45cm.<br \/>\n\u25aa Il y a un coussin suppl\u00e9mentaire \u00e0 l&rsquo;int\u00e9rieur pour le confort de nos petits amis.<br \/>\n\u25aa Il est con\u00e7u pour r\u00e9pondre aux indispensables besoins de grattage, de jeu et d&rsquo;abri de vos chats.<br \/>\n\u25aa Le fond est \u00e9galement recouvert pour ne pas rayer votre parquet et autres objets.<br \/>\n\u25aa Le griffoir est envelopp\u00e9 d&rsquo;une corde de jute 100 % naturelle sur un bois de 45 cm de long.<br \/>\nLe chat peut \u00e9galement utiliser le toit de la maison pour se reposer ou dormir.<\/p>\n<p><strong>Dimensions du produit :<\/strong><br \/>\n\u25aa Sol : 40cm x 45cm<br \/>\n\u25aa Colonne de grattage : 45cm<br \/>\n\u25aa Section de la hutte : Largeur : 40cm, Profondeur : 30cm, Hauteur : 35cm<\/p>\n<p><strong>Veuillez s\u00e9lectionner l&rsquo;option de couleur avant d&rsquo;ajouter au panier. <\/strong><\/p>\n<\/div>\n","protected":false},"featured_media":4271,"comment_status":"open","ping_status":"closed","template":"","meta":[],"product_brand":[],"product_cat":[1077,1197,1196],"product_tag":[1091,2378,1198,1199],"class_list":{"0":"post-6358","1":"product","2":"type-product","3":"status-publish","4":"has-post-thumbnail","6":"product_cat-cat-fr","7":"product_cat-maison-pour-chat-et-griffoir","8":"product_cat-meubles-et-maisons","9":"product_tag-cat-fr","10":"product_tag-grattage","11":"product_tag-griffoir","12":"product_tag-maison-pour-chats","13":"post","14":"post-with-thumbnail","15":"post-with-thumbnail-large","17":"first","18":"outofstock","19":"taxable","20":"shipping-taxable","21":"product-type-variable"},"_links":{"self":[{"href":"https:\/\/troypetshop.com\/fr\/wp-json\/wp\/v2\/product\/6358","targetHints":{"allow":["GET"]}}],"collection":[{"href":"https:\/\/troypetshop.com\/fr\/wp-json\/wp\/v2\/product"}],"about":[{"href":"https:\/\/troypetshop.com\/fr\/wp-json\/wp\/v2\/types\/product"}],"replies":[{"embeddable":true,"href":"https:\/\/troypetshop.com\/fr\/wp-json\/wp\/v2\/comments?post=6358"}],"wp:featuredmedia":[{"embeddable":true,"href":"https:\/\/troypetshop.com\/fr\/wp-json\/wp\/v2\/media\/4271"}],"wp:attachment":[{"href":"https:\/\/troypetshop.com\/fr\/wp-json\/wp\/v2\/media?parent=6358"}],"wp:term":[{"taxonomy":"product_brand","embeddable":true,"href":"https:\/\/troypetshop.com\/fr\/wp-json\/wp\/v2\/product_brand?post=6358"},{"taxonomy":"product_cat","embeddable":true,"href":"https:\/\/troypetshop.com\/fr\/wp-json\/wp\/v2\/product_cat?post=6358"},{"taxonomy":"product_tag","embeddable":true,"href":"https:\/\/troypetshop.com\/fr\/wp-json\/wp\/v2\/product_tag?post=6358"}],"curies":[{"name":"wp","href":"https:\/\/api.w.org\/{rel}","templated":true}]}}