{"id":6374,"date":"2023-10-09T12:31:56","date_gmt":"2023-10-09T10:31:56","guid":{"rendered":"http:\/\/troypetshop.com\/product\/polypropylene-tisse\/"},"modified":"2026-02-28T16:52:47","modified_gmt":"2026-02-28T15:52:47","slug":"polypropylene-tisse","status":"publish","type":"product","link":"https:\/\/troypetshop.com\/fr\/product\/polypropylene-tisse\/","title":{"rendered":"Polypropyl\u00e8ne tiss\u00e9"},"content":{"rendered":"","protected":false},"excerpt":{"rendered":"<p>2 &#8211; Colonnes en PP de 2,5 et 3 cm de large pour les chiens et colonne de 1 cm de large pour les colliers de chat.<\/p>\n<p>Le polypropyl\u00e8ne (PP) est solide et r\u00e9sistant aux contraintes physiques, il est imperm\u00e9able. Le collier en PP est un bon choix pour une utilisation en ext\u00e9rieur. Il est durable et s\u00fbr.<\/p>\n<p>Tailles Largeur(cm) Plus courte et plus longue(cm) &#8211; Longueurs ajustables<br \/>\nXS 1,5 20 &#8211; 30<br \/>\nS 2 22 &#8211; 36<br \/>\nM 2,5 30 &#8211; 46<br \/>\nL 2,5 40 &#8211; 50<\/p>\n<p><strong>Veuillez s\u00e9lectionner les options de couleur et de taille avant d&rsquo;ajouter au panier. <\/strong><\/p>\n","protected":false},"featured_media":3323,"comment_status":"open","ping_status":"closed","template":"","meta":[],"product_brand":[],"product_cat":[1023,1025],"product_tag":[1090,1027,1158,1288,1054],"class_list":{"0":"post-6374","1":"product","2":"type-product","3":"status-publish","4":"has-post-thumbnail","6":"product_cat-colliers-et-laisses-pour-chiens","7":"product_cat-cols-dencolure","8":"product_tag-chien","9":"product_tag-collier","10":"product_tag-cou","11":"product_tag-pp-polypropylene-fr","12":"product_tag-reglable","13":"post","14":"post-with-thumbnail","15":"post-with-thumbnail-large","17":"first","18":"outofstock","19":"sale","20":"taxable","21":"shipping-taxable","22":"purchasable","23":"product-type-variable","24":"has-default-attributes"},"_links":{"self":[{"href":"https:\/\/troypetshop.com\/fr\/wp-json\/wp\/v2\/product\/6374","targetHints":{"allow":["GET"]}}],"collection":[{"href":"https:\/\/troypetshop.com\/fr\/wp-json\/wp\/v2\/product"}],"about":[{"href":"https:\/\/troypetshop.com\/fr\/wp-json\/wp\/v2\/types\/product"}],"replies":[{"embeddable":true,"href":"https:\/\/troypetshop.com\/fr\/wp-json\/wp\/v2\/comments?post=6374"}],"wp:featuredmedia":[{"embeddable":true,"href":"https:\/\/troypetshop.com\/fr\/wp-json\/wp\/v2\/media\/3323"}],"wp:attachment":[{"href":"https:\/\/troypetshop.com\/fr\/wp-json\/wp\/v2\/media?parent=6374"}],"wp:term":[{"taxonomy":"product_brand","embeddable":true,"href":"https:\/\/troypetshop.com\/fr\/wp-json\/wp\/v2\/product_brand?post=6374"},{"taxonomy":"product_cat","embeddable":true,"href":"https:\/\/troypetshop.com\/fr\/wp-json\/wp\/v2\/product_cat?post=6374"},{"taxonomy":"product_tag","embeddable":true,"href":"https:\/\/troypetshop.com\/fr\/wp-json\/wp\/v2\/product_tag?post=6374"}],"curies":[{"name":"wp","href":"https:\/\/api.w.org\/{rel}","templated":true}]}}