{"id":7113,"date":"2025-01-06T11:05:21","date_gmt":"2025-01-06T10:05:21","guid":{"rendered":"https:\/\/troypetshop.com\/product\/boule-de-corde-dactivite\/"},"modified":"2026-02-28T16:52:50","modified_gmt":"2026-02-28T15:52:50","slug":"activite-jeu-corde-balle","status":"publish","type":"product","link":"https:\/\/troypetshop.com\/fr\/product\/activite-jeu-corde-balle\/","title":{"rendered":"Activit\u00e9 jeu corde balle"},"content":{"rendered":"","protected":false},"excerpt":{"rendered":"<p>R\u00e9pond aux besoins de votre animal, tels que mordre et ronger, et soulage son stress.<br \/>\nId\u00e9al pour jouer ensemble \u00e0 des jeux de tir \u00e0 la corde. C&rsquo;est un jouet \u00e0 tirer \u00e9pais et durable.<br \/>\nFabriqu\u00e9 en tordant des fils de coton, il convient aux chiens et aux chats.<br \/>\nPour des raisons d&rsquo;hygi\u00e8ne, nous vous recommandons de laver fr\u00e9quemment la partie de la corde qui est mordue par votre animal.<br \/>\nDiam\u00e8tre de la balle = 8 cm, longueur de la corde = 50 cm et \u00e9paisseur de la corde = 2,5 cm.<\/p>\n<p><strong>Veuillez s\u00e9lectionner les couleurs avant d&rsquo;ajouter au panier.<\/strong><\/p>\n","protected":false},"featured_media":7085,"comment_status":"open","ping_status":"closed","template":"","meta":[],"product_brand":[],"product_cat":[1382,1379,1377,1378,458],"product_tag":[1381,1380],"class_list":{"0":"post-7113","1":"product","2":"type-product","3":"status-publish","4":"has-post-thumbnail","6":"product_cat-boule-de-corde-dactivite","7":"product_cat-cordes-dactivite-fil-dentaire","8":"product_cat-jouets-pour-chats","9":"product_cat-jouets-pour-chiens","10":"product_cat-nos-produits","11":"product_tag-balle-de-corde-dactivite","12":"product_tag-jouet","13":"post","14":"post-with-thumbnail","15":"post-with-thumbnail-large","17":"first","18":"outofstock","19":"sale","20":"taxable","21":"shipping-taxable","22":"purchasable","23":"product-type-variable"},"_links":{"self":[{"href":"https:\/\/troypetshop.com\/fr\/wp-json\/wp\/v2\/product\/7113","targetHints":{"allow":["GET"]}}],"collection":[{"href":"https:\/\/troypetshop.com\/fr\/wp-json\/wp\/v2\/product"}],"about":[{"href":"https:\/\/troypetshop.com\/fr\/wp-json\/wp\/v2\/types\/product"}],"replies":[{"embeddable":true,"href":"https:\/\/troypetshop.com\/fr\/wp-json\/wp\/v2\/comments?post=7113"}],"wp:featuredmedia":[{"embeddable":true,"href":"https:\/\/troypetshop.com\/fr\/wp-json\/wp\/v2\/media\/7085"}],"wp:attachment":[{"href":"https:\/\/troypetshop.com\/fr\/wp-json\/wp\/v2\/media?parent=7113"}],"wp:term":[{"taxonomy":"product_brand","embeddable":true,"href":"https:\/\/troypetshop.com\/fr\/wp-json\/wp\/v2\/product_brand?post=7113"},{"taxonomy":"product_cat","embeddable":true,"href":"https:\/\/troypetshop.com\/fr\/wp-json\/wp\/v2\/product_cat?post=7113"},{"taxonomy":"product_tag","embeddable":true,"href":"https:\/\/troypetshop.com\/fr\/wp-json\/wp\/v2\/product_tag?post=7113"}],"curies":[{"name":"wp","href":"https:\/\/api.w.org\/{rel}","templated":true}]}}