{"id":7166,"date":"2025-01-04T17:03:04","date_gmt":"2025-01-04T16:03:04","guid":{"rendered":"https:\/\/troypetshop.com\/product\/corde-dactivite-fil-dentaire\/"},"modified":"2026-02-28T16:52:52","modified_gmt":"2026-02-28T15:52:52","slug":"corde-dactivite-fil-dentaire","status":"publish","type":"product","link":"https:\/\/troypetshop.com\/fr\/product\/corde-dactivite-fil-dentaire\/","title":{"rendered":"Corde d&rsquo;activit\u00e9 &#8211; Fil dentaire"},"content":{"rendered":"","protected":false},"excerpt":{"rendered":"<p>Corde d&rsquo;activit\u00e9. Il s&rsquo;agit \u00e9galement d&rsquo;un fil dentaire nou\u00e9. <\/p>\n<ul>\n<li>Le fil dentaire avec un manche nou\u00e9 r\u00e9pond aux besoins de votre chien, tels que mordre et ronger, et r\u00e9duit le stress.<\/li>\n<li>Id\u00e9al pour jouer ensemble \u00e0 des jeux de traction. C&rsquo;est un jouet \u00e9pais et durable. <\/li>\n<li>Les cordes d&rsquo;activit\u00e9 ont une \u00e9paisseur de 2,5 cm et une longueur de 25, 45 ou 60 cm.<\/li>\n<li>Fabriqu\u00e9e en tordant des fils de coton, cette corde aide \u00e0 nettoyer les dents du chien par friction. Il s&rsquo;agit d&rsquo;un fil dentaire durable qui convient aux chiens de grande, moyenne et petite race. <\/li>\n<li>Pour des raisons d&rsquo;hygi\u00e8ne, nous vous recommandons de laver fr\u00e9quemment la partie de la corde mordue par le chien.<\/li>\n<\/ul>\n<p><strong>Veuillez s\u00e9lectionner la taille avant d&rsquo;ajouter au panier.<\/strong><\/p>\n","protected":false},"featured_media":7077,"comment_status":"open","ping_status":"closed","template":"","meta":[],"product_brand":[],"product_cat":[1379,1378,458],"product_tag":[1436,1448],"class_list":{"0":"post-7166","1":"product","2":"type-product","3":"status-publish","4":"has-post-thumbnail","6":"product_cat-cordes-dactivite-fil-dentaire","7":"product_cat-jouets-pour-chiens","8":"product_cat-nos-produits","9":"product_tag-corde-dactivite","10":"product_tag-fil-dentaire","11":"post","12":"post-with-thumbnail","13":"post-with-thumbnail-large","15":"first","16":"outofstock","17":"sale","18":"taxable","19":"shipping-taxable","20":"purchasable","21":"product-type-variable"},"_links":{"self":[{"href":"https:\/\/troypetshop.com\/fr\/wp-json\/wp\/v2\/product\/7166","targetHints":{"allow":["GET"]}}],"collection":[{"href":"https:\/\/troypetshop.com\/fr\/wp-json\/wp\/v2\/product"}],"about":[{"href":"https:\/\/troypetshop.com\/fr\/wp-json\/wp\/v2\/types\/product"}],"replies":[{"embeddable":true,"href":"https:\/\/troypetshop.com\/fr\/wp-json\/wp\/v2\/comments?post=7166"}],"wp:featuredmedia":[{"embeddable":true,"href":"https:\/\/troypetshop.com\/fr\/wp-json\/wp\/v2\/media\/7077"}],"wp:attachment":[{"href":"https:\/\/troypetshop.com\/fr\/wp-json\/wp\/v2\/media?parent=7166"}],"wp:term":[{"taxonomy":"product_brand","embeddable":true,"href":"https:\/\/troypetshop.com\/fr\/wp-json\/wp\/v2\/product_brand?post=7166"},{"taxonomy":"product_cat","embeddable":true,"href":"https:\/\/troypetshop.com\/fr\/wp-json\/wp\/v2\/product_cat?post=7166"},{"taxonomy":"product_tag","embeddable":true,"href":"https:\/\/troypetshop.com\/fr\/wp-json\/wp\/v2\/product_tag?post=7166"}],"curies":[{"name":"wp","href":"https:\/\/api.w.org\/{rel}","templated":true}]}}