{"id":7203,"date":"2024-12-24T13:53:55","date_gmt":"2024-12-24T12:53:55","guid":{"rendered":"https:\/\/troypetshop.com\/?post_type=product&#038;p=7203"},"modified":"2026-02-28T16:52:56","modified_gmt":"2026-02-28T15:52:56","slug":"macska-nyitott-wc-tal","status":"publish","type":"product","link":"https:\/\/troypetshop.com\/fr\/product\/macska-nyitott-wc-tal\/","title":{"rendered":"Chat Ouvrir la cuvette des toilettes"},"content":{"rendered":"","protected":false},"excerpt":{"rendered":"<p>Cuvette de toilette ouverte pour chat<br \/>\nL&rsquo;arri\u00e8re du bac est plus haut que l&rsquo;avant. Ainsi, nos chats font moins de d\u00e9g\u00e2ts en creusant dans la liti\u00e8re de bentonite.<br \/>\nFabriqu\u00e9e en plastique flexible et durable.<br \/>\nLe mat\u00e9riau utilis\u00e9 est 100 % exempt d&rsquo;\u00e9missions, ce qui permet de l&rsquo;utiliser en toute s\u00e9curit\u00e9.<br \/>\nIl suffit d&rsquo;utiliser de l&rsquo;eau chaude et du savon pour le nettoyer.<br \/>\nLe produit est livr\u00e9 avec une pelle.<br \/>\nVous pouvez facilement tamiser les excr\u00e9ments et l&rsquo;urine \u00e0 l&rsquo;aide de la pelle fournie.<br \/>\nDimensions du produit :<br \/>\nLargeur : 36 cm.<br \/>\nLongueur : 50 cm.<br \/>\nHauteur avant : 13 cm.<br \/>\nHauteur arri\u00e8re : 20 cm.<\/p>\n<p>Veuillez s\u00e9lectionner l&rsquo;option de couleur avant d&rsquo;ajouter au panier.<\/p>\n<p>Couleurs : Bleu &#8211; Gris &#8211; Violet &#8211; Rouge<\/p>\n","protected":false},"featured_media":6638,"comment_status":"open","ping_status":"closed","template":"","meta":[],"product_brand":[],"product_cat":[1462,1077,458],"product_tag":[1443],"class_list":{"0":"post-7203","1":"product","2":"type-product","3":"status-publish","4":"has-post-thumbnail","6":"product_cat-boite-de-toilette-ouverte-pour-chat","7":"product_cat-cat-fr","8":"product_cat-nos-produits","9":"product_tag-toilette-pour-chat","10":"post","11":"post-with-thumbnail","12":"post-with-thumbnail-large","14":"first","15":"outofstock","16":"taxable","17":"shipping-taxable","18":"product-type-variable"},"_links":{"self":[{"href":"https:\/\/troypetshop.com\/fr\/wp-json\/wp\/v2\/product\/7203","targetHints":{"allow":["GET"]}}],"collection":[{"href":"https:\/\/troypetshop.com\/fr\/wp-json\/wp\/v2\/product"}],"about":[{"href":"https:\/\/troypetshop.com\/fr\/wp-json\/wp\/v2\/types\/product"}],"replies":[{"embeddable":true,"href":"https:\/\/troypetshop.com\/fr\/wp-json\/wp\/v2\/comments?post=7203"}],"wp:featuredmedia":[{"embeddable":true,"href":"https:\/\/troypetshop.com\/fr\/wp-json\/wp\/v2\/media\/6638"}],"wp:attachment":[{"href":"https:\/\/troypetshop.com\/fr\/wp-json\/wp\/v2\/media?parent=7203"}],"wp:term":[{"taxonomy":"product_brand","embeddable":true,"href":"https:\/\/troypetshop.com\/fr\/wp-json\/wp\/v2\/product_brand?post=7203"},{"taxonomy":"product_cat","embeddable":true,"href":"https:\/\/troypetshop.com\/fr\/wp-json\/wp\/v2\/product_cat?post=7203"},{"taxonomy":"product_tag","embeddable":true,"href":"https:\/\/troypetshop.com\/fr\/wp-json\/wp\/v2\/product_tag?post=7203"}],"curies":[{"name":"wp","href":"https:\/\/api.w.org\/{rel}","templated":true}]}}