{"id":7233,"date":"2025-01-03T15:07:26","date_gmt":"2025-01-03T14:07:26","guid":{"rendered":"https:\/\/troypetshop.com\/product\/anneaux-dentrainement-au-vol\/"},"modified":"2026-02-28T16:52:57","modified_gmt":"2026-02-28T15:52:57","slug":"anneaux-dentrainement-au-vol","status":"publish","type":"product","link":"https:\/\/troypetshop.com\/fr\/product\/anneaux-dentrainement-au-vol\/","title":{"rendered":"Anneaux d&rsquo;entra\u00eenement au vol"},"content":{"rendered":"","protected":false},"excerpt":{"rendered":"<p>Les chiens aiment et passent des moments heureux. En m\u00eame temps, votre chien reste en bonne sant\u00e9. Les anneaux volants ont deux diam\u00e8tres diff\u00e9rents.  <\/p>\n<ul>\n<li>Petit type Diam\u00e8tre de l&rsquo;anneau = 7,7cm<\/li>\n<li>Grand type Diam\u00e8tre de l&rsquo;anneau = 13,5cm<\/li>\n<\/ul>\n<p><strong>Veuillez s\u00e9lectionner le diam\u00e8tre de l&rsquo;anneau et la couleur avant d&rsquo;ajouter au panier.<\/strong><\/p>\n","protected":false},"featured_media":6836,"comment_status":"open","ping_status":"closed","template":"","meta":[],"product_brand":[],"product_cat":[1526,1378],"product_tag":[1455,1894],"class_list":{"0":"post-7233","1":"product","2":"type-product","3":"status-publish","4":"has-post-thumbnail","6":"product_cat-anneaux-volants-et-frisbee","7":"product_cat-jouets-pour-chiens","8":"product_tag-anneau","9":"product_tag-jouets-pour-chiens","10":"pa_flying-ring-sizes-grande","11":"pa_flying-ring-sizes-petit","12":"post","13":"post-with-thumbnail","14":"post-with-thumbnail-large","16":"first","17":"outofstock","18":"sale","19":"taxable","20":"shipping-taxable","21":"purchasable","22":"product-type-variable"},"_links":{"self":[{"href":"https:\/\/troypetshop.com\/fr\/wp-json\/wp\/v2\/product\/7233","targetHints":{"allow":["GET"]}}],"collection":[{"href":"https:\/\/troypetshop.com\/fr\/wp-json\/wp\/v2\/product"}],"about":[{"href":"https:\/\/troypetshop.com\/fr\/wp-json\/wp\/v2\/types\/product"}],"replies":[{"embeddable":true,"href":"https:\/\/troypetshop.com\/fr\/wp-json\/wp\/v2\/comments?post=7233"}],"wp:featuredmedia":[{"embeddable":true,"href":"https:\/\/troypetshop.com\/fr\/wp-json\/wp\/v2\/media\/6836"}],"wp:attachment":[{"href":"https:\/\/troypetshop.com\/fr\/wp-json\/wp\/v2\/media?parent=7233"}],"wp:term":[{"taxonomy":"product_brand","embeddable":true,"href":"https:\/\/troypetshop.com\/fr\/wp-json\/wp\/v2\/product_brand?post=7233"},{"taxonomy":"product_cat","embeddable":true,"href":"https:\/\/troypetshop.com\/fr\/wp-json\/wp\/v2\/product_cat?post=7233"},{"taxonomy":"product_tag","embeddable":true,"href":"https:\/\/troypetshop.com\/fr\/wp-json\/wp\/v2\/product_tag?post=7233"}],"curies":[{"name":"wp","href":"https:\/\/api.w.org\/{rel}","templated":true}]}}