{"id":7311,"date":"2024-12-27T16:46:13","date_gmt":"2024-12-27T15:46:13","guid":{"rendered":"https:\/\/troypetshop.com\/product\/jouet-interactif-pour-chat-2-en-1\/"},"modified":"2026-02-28T16:48:06","modified_gmt":"2026-02-28T15:48:06","slug":"jouet-interactif-pour-chat-2-en-1","status":"publish","type":"product","link":"https:\/\/troypetshop.com\/fr\/product\/jouet-interactif-pour-chat-2-en-1\/","title":{"rendered":"Jouet interactif pour chat 2 en 1"},"content":{"rendered":"","protected":false},"excerpt":{"rendered":"<p class=\"proName\">Jouet interactif 2 en 1 pour chat avec boule poilue 23 x 7 cm.<\/p>\n<p class=\"proName\">Ce jouet interactif pour chat offre des heures d&rsquo;exercice et de divertissement pour le maintien de la sant\u00e9 et l&rsquo;\u00e9limination de l&rsquo;ennui et de la d\u00e9pression de l&rsquo;animal, car votre chat peut jouer seul lorsque le ma\u00eetre n&rsquo;est pas \u00e0 la maison.<\/p>\n","protected":false},"featured_media":6748,"comment_status":"open","ping_status":"closed","template":"","meta":[],"product_brand":[],"product_cat":[1581,1377],"product_tag":[],"class_list":{"0":"post-7311","1":"product","2":"type-product","3":"status-publish","4":"has-post-thumbnail","6":"product_cat-jouet-interactif-pour-chat-2-en-1","7":"product_cat-jouets-pour-chats","8":"post","9":"post-with-thumbnail","10":"post-with-thumbnail-large","12":"first","13":"outofstock","14":"sale","15":"taxable","16":"shipping-taxable","17":"purchasable","18":"product-type-simple"},"_links":{"self":[{"href":"https:\/\/troypetshop.com\/fr\/wp-json\/wp\/v2\/product\/7311","targetHints":{"allow":["GET"]}}],"collection":[{"href":"https:\/\/troypetshop.com\/fr\/wp-json\/wp\/v2\/product"}],"about":[{"href":"https:\/\/troypetshop.com\/fr\/wp-json\/wp\/v2\/types\/product"}],"replies":[{"embeddable":true,"href":"https:\/\/troypetshop.com\/fr\/wp-json\/wp\/v2\/comments?post=7311"}],"wp:featuredmedia":[{"embeddable":true,"href":"https:\/\/troypetshop.com\/fr\/wp-json\/wp\/v2\/media\/6748"}],"wp:attachment":[{"href":"https:\/\/troypetshop.com\/fr\/wp-json\/wp\/v2\/media?parent=7311"}],"wp:term":[{"taxonomy":"product_brand","embeddable":true,"href":"https:\/\/troypetshop.com\/fr\/wp-json\/wp\/v2\/product_brand?post=7311"},{"taxonomy":"product_cat","embeddable":true,"href":"https:\/\/troypetshop.com\/fr\/wp-json\/wp\/v2\/product_cat?post=7311"},{"taxonomy":"product_tag","embeddable":true,"href":"https:\/\/troypetshop.com\/fr\/wp-json\/wp\/v2\/product_tag?post=7311"}],"curies":[{"name":"wp","href":"https:\/\/api.w.org\/{rel}","templated":true}]}}