{"id":7317,"date":"2024-12-24T14:58:40","date_gmt":"2024-12-24T13:58:40","guid":{"rendered":"https:\/\/troypetshop.com\/product\/boite-de-toilette-fermee-pour-chat\/"},"modified":"2026-02-28T16:52:59","modified_gmt":"2026-02-28T15:52:59","slug":"boite-de-toilette-fermee-pour-chat","status":"publish","type":"product","link":"https:\/\/troypetshop.com\/fr\/product\/boite-de-toilette-fermee-pour-chat\/","title":{"rendered":"Bo\u00eete de toilette ferm\u00e9e pour chat"},"content":{"rendered":"","protected":false},"excerpt":{"rendered":"<p><strong>Bo\u00eete de toilette ferm\u00e9e pour chat<\/strong><\/p>\n<p>Pendant que votre chat fait ses besoins, il garde l&rsquo;environnement propre. Convient parfaitement \u00e0 une utilisation \u00e0 l&rsquo;int\u00e9rieur. La pelle est offerte dans la cuvette des toilettes. Il y a aussi une partie s\u00e9par\u00e9e pour accrocher la pelle dans la cuvette.<\/p>\n<p>Gr\u00e2ce \u00e0 deux clips, la cuvette peut \u00eatre verrouill\u00e9e compl\u00e8tement sans aucun probl\u00e8me. Fabriqu\u00e9 en plastique de qualit\u00e9 inodore. Le feutre biologique vert emp\u00eache la formation d&rsquo;odeurs.<br \/>\nIl est facile \u00e0 utiliser gr\u00e2ce \u00e0 son couvercle qui s&rsquo;ouvre en deux temps.<\/p>\n<p>Dimensions<\/p>\n<p>Largeur : 39 cm<br \/>\nLongueur : 50 cm<br \/>\nHauteur 38 cm<\/p>\n<p><strong>Veuillez s\u00e9lectionner l&rsquo;option de couleur avant d&rsquo;ajouter au panier. <\/strong><\/p>\n<p>Couleurs : Bleu &#8211; Gris &#8211; Rouge &#8211; Violet<\/p>\n","protected":false},"featured_media":6680,"comment_status":"open","ping_status":"closed","template":"","meta":[],"product_brand":[],"product_cat":[1457,1077,458],"product_tag":[1443],"class_list":{"0":"post-7317","1":"product","2":"type-product","3":"status-publish","4":"has-post-thumbnail","6":"product_cat-boite-de-toilette-fermee-pour-chat","7":"product_cat-cat-fr","8":"product_cat-nos-produits","9":"product_tag-toilette-pour-chat","10":"post","11":"post-with-thumbnail","12":"post-with-thumbnail-large","14":"first","15":"outofstock","16":"taxable","17":"shipping-taxable","18":"product-type-variable"},"_links":{"self":[{"href":"https:\/\/troypetshop.com\/fr\/wp-json\/wp\/v2\/product\/7317","targetHints":{"allow":["GET"]}}],"collection":[{"href":"https:\/\/troypetshop.com\/fr\/wp-json\/wp\/v2\/product"}],"about":[{"href":"https:\/\/troypetshop.com\/fr\/wp-json\/wp\/v2\/types\/product"}],"replies":[{"embeddable":true,"href":"https:\/\/troypetshop.com\/fr\/wp-json\/wp\/v2\/comments?post=7317"}],"wp:featuredmedia":[{"embeddable":true,"href":"https:\/\/troypetshop.com\/fr\/wp-json\/wp\/v2\/media\/6680"}],"wp:attachment":[{"href":"https:\/\/troypetshop.com\/fr\/wp-json\/wp\/v2\/media?parent=7317"}],"wp:term":[{"taxonomy":"product_brand","embeddable":true,"href":"https:\/\/troypetshop.com\/fr\/wp-json\/wp\/v2\/product_brand?post=7317"},{"taxonomy":"product_cat","embeddable":true,"href":"https:\/\/troypetshop.com\/fr\/wp-json\/wp\/v2\/product_cat?post=7317"},{"taxonomy":"product_tag","embeddable":true,"href":"https:\/\/troypetshop.com\/fr\/wp-json\/wp\/v2\/product_tag?post=7317"}],"curies":[{"name":"wp","href":"https:\/\/api.w.org\/{rel}","templated":true}]}}