{"id":7333,"date":"2024-12-22T18:29:59","date_gmt":"2024-12-22T17:29:59","guid":{"rendered":"https:\/\/troypetshop.com\/product\/porteurs-en-plastique-pour-animaux-de-compagnie\/"},"modified":"2026-02-28T16:53:00","modified_gmt":"2026-02-28T15:53:00","slug":"t-porteurs-danimaux-en-plastique","status":"publish","type":"product","link":"https:\/\/troypetshop.com\/fr\/product\/t-porteurs-danimaux-en-plastique\/","title":{"rendered":"T &#8211; Porteurs d&rsquo;animaux en plastique"},"content":{"rendered":"","protected":false},"excerpt":{"rendered":"<p>L\u00e9ger, avec porte en plastique. Il y a de nombreux trous en haut du chariot pour que les animaux puissent respirer. Gr\u00e2ce au syst\u00e8me de glissi\u00e8re, le transport peut \u00eatre ouvert et ferm\u00e9 facilement. Un m\u00e9canisme permet de verrouiller l&rsquo;ensemble du transport \u00e0 l&rsquo;aide de deux serrures ; structure l\u00e9g\u00e8re et robuste du produit. Capacit\u00e9 de charge confortable jusqu&rsquo;\u00e0 10 kg. La porte en plastique sur le panneau avant garantit un transport s\u00fbr de votre animal.<\/p>\n<ul>\n<li>Petite taille Dimensions : 32 x 49 x 33(H) cm<\/li>\n<li>Taille moyenne Dimensions : 40 x 57 x 38(H) cm<\/li>\n<\/ul>\n<p><strong>Mode d&#8217;emploi :<\/strong> Glissez la partie arri\u00e8re du couvercle sup\u00e9rieur dans l&rsquo;espace correspondant au couvercle inf\u00e9rieur et faites-le glisser vers l&rsquo;avant. S&rsquo;assurer que l&rsquo;ensemble du syst\u00e8me est embo\u00eet\u00e9. Verrouillez ensuite le transport \u00e0 l&rsquo;aide des serrures situ\u00e9es sur le panneau avant. Enfin, fixez la porte avant et verrouillez-la \u00e0 l&rsquo;aide des loquets.<\/p>\n<p><strong>Avertissement <\/strong>: Ne tournez pas les verrous du panneau avant tant que le couvercle sup\u00e9rieur et le couvercle inf\u00e9rieur ne sont pas compl\u00e8tement en place. Dans le cas contraire, les verrous risquent de se briser.<\/p>\n<p>Il ne convient pas de laisser l&rsquo;animal dans la cage pendant une longue p\u00e9riode.<\/p>\n<p><strong>Veuillez s\u00e9lectionner l&rsquo;option Taille avant d&rsquo;ajouter au panier<\/strong><\/p>\n","protected":false},"featured_media":6623,"comment_status":"open","ping_status":"closed","template":"","meta":[],"product_brand":[],"product_cat":[1101,458,1491],"product_tag":[1439],"class_list":{"0":"post-7333","1":"product","2":"type-product","3":"status-publish","4":"has-post-thumbnail","6":"product_cat-accessoires-pour-chats-et-chiens","7":"product_cat-nos-produits","8":"product_cat-porteurs-danimaux","9":"product_tag-transporteur","10":"post","11":"post-with-thumbnail","12":"post-with-thumbnail-large","14":"first","15":"outofstock","16":"taxable","17":"shipping-taxable","18":"product-type-variable"},"_links":{"self":[{"href":"https:\/\/troypetshop.com\/fr\/wp-json\/wp\/v2\/product\/7333","targetHints":{"allow":["GET"]}}],"collection":[{"href":"https:\/\/troypetshop.com\/fr\/wp-json\/wp\/v2\/product"}],"about":[{"href":"https:\/\/troypetshop.com\/fr\/wp-json\/wp\/v2\/types\/product"}],"replies":[{"embeddable":true,"href":"https:\/\/troypetshop.com\/fr\/wp-json\/wp\/v2\/comments?post=7333"}],"wp:featuredmedia":[{"embeddable":true,"href":"https:\/\/troypetshop.com\/fr\/wp-json\/wp\/v2\/media\/6623"}],"wp:attachment":[{"href":"https:\/\/troypetshop.com\/fr\/wp-json\/wp\/v2\/media?parent=7333"}],"wp:term":[{"taxonomy":"product_brand","embeddable":true,"href":"https:\/\/troypetshop.com\/fr\/wp-json\/wp\/v2\/product_brand?post=7333"},{"taxonomy":"product_cat","embeddable":true,"href":"https:\/\/troypetshop.com\/fr\/wp-json\/wp\/v2\/product_cat?post=7333"},{"taxonomy":"product_tag","embeddable":true,"href":"https:\/\/troypetshop.com\/fr\/wp-json\/wp\/v2\/product_tag?post=7333"}],"curies":[{"name":"wp","href":"https:\/\/api.w.org\/{rel}","templated":true}]}}