{"id":7342,"date":"2024-12-22T17:55:03","date_gmt":"2024-12-22T16:55:03","guid":{"rendered":"https:\/\/troypetshop.com\/product\/sac-a-mouches-transparent-pour-chat-et-petits-chiens\/"},"modified":"2026-02-28T16:43:33","modified_gmt":"2026-02-28T15:43:33","slug":"sac-a-mouches-transparent-pour-chat-et-petits-chiens","status":"publish","type":"product","link":"https:\/\/troypetshop.com\/fr\/product\/sac-a-mouches-transparent-pour-chat-et-petits-chiens\/","title":{"rendered":"Sac \u00e0 mouches transparent pour animaux de compagnie"},"content":{"rendered":"","protected":false},"excerpt":{"rendered":"<p>Sac de transport id\u00e9al pour vos chats et chiens de petite race. \ud83d\udc08Made of transparent PVC material, zippered, can be carried on the shoulder, lightweight, easy to store and practical. \ud83d\udc08Le fond, l&rsquo;avant et l&rsquo;arri\u00e8re du sac sont color\u00e9s. \ud83d\udc08Le haut du sac est fait d&rsquo;un mat\u00e9riau compl\u00e8tement transparent. \ud83d\udc08Les deux portes sont perc\u00e9es de trous d&rsquo;a\u00e9ration et peuvent \u00eatre ouvertes.    <\/p>\n<p>C&rsquo;est une solution de transport id\u00e9ale pour les courts trajets et les visites chez le v\u00e9t\u00e9rinaire. Cependant, il n&rsquo;est pas adapt\u00e9 pour laisser votre animal dans le sac pendant de longues p\u00e9riodes. <\/p>\n<p>Dimensions: 28(W) x 44(L) x 25(H) cm.<\/p>\n","protected":false},"featured_media":6617,"comment_status":"open","ping_status":"closed","template":"","meta":[],"product_brand":[],"product_cat":[1101,1491],"product_tag":[1439],"class_list":{"0":"post-7342","1":"product","2":"type-product","3":"status-publish","4":"has-post-thumbnail","6":"product_cat-accessoires-pour-chats-et-chiens","7":"product_cat-porteurs-danimaux","8":"product_tag-transporteur","9":"post","10":"post-with-thumbnail","11":"post-with-thumbnail-large","13":"first","14":"outofstock","15":"sale","16":"taxable","17":"shipping-taxable","18":"purchasable","19":"product-type-simple"},"_links":{"self":[{"href":"https:\/\/troypetshop.com\/fr\/wp-json\/wp\/v2\/product\/7342","targetHints":{"allow":["GET"]}}],"collection":[{"href":"https:\/\/troypetshop.com\/fr\/wp-json\/wp\/v2\/product"}],"about":[{"href":"https:\/\/troypetshop.com\/fr\/wp-json\/wp\/v2\/types\/product"}],"replies":[{"embeddable":true,"href":"https:\/\/troypetshop.com\/fr\/wp-json\/wp\/v2\/comments?post=7342"}],"wp:featuredmedia":[{"embeddable":true,"href":"https:\/\/troypetshop.com\/fr\/wp-json\/wp\/v2\/media\/6617"}],"wp:attachment":[{"href":"https:\/\/troypetshop.com\/fr\/wp-json\/wp\/v2\/media?parent=7342"}],"wp:term":[{"taxonomy":"product_brand","embeddable":true,"href":"https:\/\/troypetshop.com\/fr\/wp-json\/wp\/v2\/product_brand?post=7342"},{"taxonomy":"product_cat","embeddable":true,"href":"https:\/\/troypetshop.com\/fr\/wp-json\/wp\/v2\/product_cat?post=7342"},{"taxonomy":"product_tag","embeddable":true,"href":"https:\/\/troypetshop.com\/fr\/wp-json\/wp\/v2\/product_tag?post=7342"}],"curies":[{"name":"wp","href":"https:\/\/api.w.org\/{rel}","templated":true}]}}