{"id":7343,"date":"2024-12-22T16:54:07","date_gmt":"2024-12-22T15:54:07","guid":{"rendered":"https:\/\/troypetshop.com\/?post_type=product&#038;p=7343"},"modified":"2026-02-28T16:43:33","modified_gmt":"2026-02-28T15:43:33","slug":"fly-bag-sac-de-transport-pour-chien-et-chat","status":"publish","type":"product","link":"https:\/\/troypetshop.com\/fr\/product\/fly-bag-sac-de-transport-pour-chien-et-chat\/","title":{"rendered":"Sac de transport Fly Bag pour chiens et chats"},"content":{"rendered":"","protected":false},"excerpt":{"rendered":"<p>Convient au transport des chats, des chiots et des lapins. Con\u00e7ue pour assurer la s\u00e9curit\u00e9 et le confort de vos animaux de compagnie. Sa structure compacte et l\u00e9g\u00e8re assure votre confort et celui de votre animal pendant le transport. Il s&rsquo;agit d&rsquo;une solution de transport id\u00e9ale pour les courts trajets et les visites chez le v\u00e9t\u00e9rinaire. Cependant, il ne convient pas pour laisser votre animal dans le sac pendant de longues p\u00e9riodes.    <\/p>\n<p>Dimensions : 27(L) x 44(L) x 25(H) cm.<\/p>\n","protected":false},"featured_media":6609,"comment_status":"open","ping_status":"closed","template":"","meta":[],"product_brand":[],"product_cat":[1101,1491],"product_tag":[1439],"class_list":{"0":"post-7343","1":"product","2":"type-product","3":"status-publish","4":"has-post-thumbnail","6":"product_cat-accessoires-pour-chats-et-chiens","7":"product_cat-porteurs-danimaux","8":"product_tag-transporteur","9":"post","10":"post-with-thumbnail","11":"post-with-thumbnail-large","13":"first","14":"outofstock","15":"sale","16":"taxable","17":"shipping-taxable","18":"purchasable","19":"product-type-simple"},"_links":{"self":[{"href":"https:\/\/troypetshop.com\/fr\/wp-json\/wp\/v2\/product\/7343","targetHints":{"allow":["GET"]}}],"collection":[{"href":"https:\/\/troypetshop.com\/fr\/wp-json\/wp\/v2\/product"}],"about":[{"href":"https:\/\/troypetshop.com\/fr\/wp-json\/wp\/v2\/types\/product"}],"replies":[{"embeddable":true,"href":"https:\/\/troypetshop.com\/fr\/wp-json\/wp\/v2\/comments?post=7343"}],"wp:featuredmedia":[{"embeddable":true,"href":"https:\/\/troypetshop.com\/fr\/wp-json\/wp\/v2\/media\/6609"}],"wp:attachment":[{"href":"https:\/\/troypetshop.com\/fr\/wp-json\/wp\/v2\/media?parent=7343"}],"wp:term":[{"taxonomy":"product_brand","embeddable":true,"href":"https:\/\/troypetshop.com\/fr\/wp-json\/wp\/v2\/product_brand?post=7343"},{"taxonomy":"product_cat","embeddable":true,"href":"https:\/\/troypetshop.com\/fr\/wp-json\/wp\/v2\/product_cat?post=7343"},{"taxonomy":"product_tag","embeddable":true,"href":"https:\/\/troypetshop.com\/fr\/wp-json\/wp\/v2\/product_tag?post=7343"}],"curies":[{"name":"wp","href":"https:\/\/api.w.org\/{rel}","templated":true}]}}