{"id":7410,"date":"2025-03-21T16:23:49","date_gmt":"2025-03-21T15:23:49","guid":{"rendered":"https:\/\/troypetshop.com\/?post_type=product&#038;p=7410"},"modified":"2026-02-28T16:42:23","modified_gmt":"2026-02-28T15:42:23","slug":"lit-rond-lux-pour-animaux","status":"publish","type":"product","link":"https:\/\/troypetshop.com\/fr\/product\/lit-rond-lux-pour-animaux\/","title":{"rendered":"Lit rond Lux pour animaux"},"content":{"rendered":"","protected":false},"excerpt":{"rendered":"<p>Lit rond Lux pour chiens et chats<\/p>\n<p>Sp\u00e9cialement con\u00e7u pour les chats et les chiens.<br \/>\nIl s&rsquo;adapte facilement \u00e0 vos petits amis gr\u00e2ce \u00e0 sa texture douce et de haute qualit\u00e9.<br \/>\nFacile \u00e0 nettoyer. Il peut \u00eatre lav\u00e9 en machine.<br \/>\nIl peut \u00eatre facilement transport\u00e9 gr\u00e2ce \u00e0 sa poign\u00e9e.<br \/>\nIl peut \u00eatre utilis\u00e9 dans les deux sens.<br \/>\nIl n&rsquo;y a pas d&rsquo;option de couleur. Il sera exp\u00e9di\u00e9 selon les couleurs en stock.<br \/>\nDimensions du produit : Longueur : 65cm Largeur : 65cm Hauteur : 15cm<\/p>\n","protected":false},"featured_media":7399,"comment_status":"open","ping_status":"closed","template":"","meta":[],"product_brand":[],"product_cat":[1077,1022,1148,1149],"product_tag":[1091,1090,1150,1916],"class_list":{"0":"post-7410","1":"product","2":"type-product","3":"status-publish","4":"has-post-thumbnail","6":"product_cat-cat-fr","7":"product_cat-chien","8":"product_cat-lits","9":"product_cat-lits-et-maisons-pour-chiens","10":"product_tag-cat-fr","11":"product_tag-chien","12":"product_tag-lit","13":"product_tag-poignee","14":"post","15":"post-with-thumbnail","16":"post-with-thumbnail-large","18":"first","19":"outofstock","20":"sale","21":"taxable","22":"shipping-taxable","23":"purchasable","24":"product-type-simple"},"_links":{"self":[{"href":"https:\/\/troypetshop.com\/fr\/wp-json\/wp\/v2\/product\/7410","targetHints":{"allow":["GET"]}}],"collection":[{"href":"https:\/\/troypetshop.com\/fr\/wp-json\/wp\/v2\/product"}],"about":[{"href":"https:\/\/troypetshop.com\/fr\/wp-json\/wp\/v2\/types\/product"}],"replies":[{"embeddable":true,"href":"https:\/\/troypetshop.com\/fr\/wp-json\/wp\/v2\/comments?post=7410"}],"wp:featuredmedia":[{"embeddable":true,"href":"https:\/\/troypetshop.com\/fr\/wp-json\/wp\/v2\/media\/7399"}],"wp:attachment":[{"href":"https:\/\/troypetshop.com\/fr\/wp-json\/wp\/v2\/media?parent=7410"}],"wp:term":[{"taxonomy":"product_brand","embeddable":true,"href":"https:\/\/troypetshop.com\/fr\/wp-json\/wp\/v2\/product_brand?post=7410"},{"taxonomy":"product_cat","embeddable":true,"href":"https:\/\/troypetshop.com\/fr\/wp-json\/wp\/v2\/product_cat?post=7410"},{"taxonomy":"product_tag","embeddable":true,"href":"https:\/\/troypetshop.com\/fr\/wp-json\/wp\/v2\/product_tag?post=7410"}],"curies":[{"name":"wp","href":"https:\/\/api.w.org\/{rel}","templated":true}]}}