{"id":7416,"date":"2025-03-22T18:04:30","date_gmt":"2025-03-22T17:04:30","guid":{"rendered":"https:\/\/troypetshop.com\/?post_type=product&#038;p=7416"},"modified":"2026-02-28T16:42:30","modified_gmt":"2026-02-28T15:42:30","slug":"lux-cushion-lit-pour-animaux","status":"publish","type":"product","link":"https:\/\/troypetshop.com\/fr\/product\/lux-cushion-lit-pour-animaux\/","title":{"rendered":"Lux Cushion Lit pour animaux"},"content":{"rendered":"","protected":false},"excerpt":{"rendered":"<ul>\n<li>Lit Lux Cushion pour chat et chien<\/li>\n<li>Sp\u00e9cialement con\u00e7u pour les chats et les chiens.<\/li>\n<li>Il s&rsquo;adapte facilement \u00e0 vos petits amis gr\u00e2ce \u00e0 sa texture douce et de haute qualit\u00e9.<\/li>\n<li>Il est compos\u00e9 \u00e0 100 % de fibres.<\/li>\n<li>Facile \u00e0 nettoyer. Il peut \u00eatre lav\u00e9 en machine.<\/li>\n<li>Il peut \u00eatre facilement transport\u00e9 gr\u00e2ce \u00e0 sa poign\u00e9e.<\/li>\n<li>Il peut \u00eatre utilis\u00e9 dans les deux sens.<\/li>\n<li>Il n&rsquo;y a pas d&rsquo;option de couleur. Il sera exp\u00e9di\u00e9 m\u00e9lang\u00e9 selon les couleurs en stock.<\/li>\n<\/ul>\n<p><strong>Dimensions; Longueur : 90cm\u00a0 Largeur : 60cm\u00a0 Hauteur : 13<\/strong><\/p>\n<p>&nbsp;<\/p>\n","protected":false},"featured_media":7439,"comment_status":"open","ping_status":"closed","template":"","meta":[],"product_brand":[],"product_cat":[1077,1022,1148,1149],"product_tag":[1091,1090,1911,1916],"class_list":{"0":"post-7416","1":"product","2":"type-product","3":"status-publish","4":"has-post-thumbnail","6":"product_cat-cat-fr","7":"product_cat-chien","8":"product_cat-lits","9":"product_cat-lits-et-maisons-pour-chiens","10":"product_tag-cat-fr","11":"product_tag-chien","12":"product_tag-facilement-transportable","13":"product_tag-poignee","14":"post","15":"post-with-thumbnail","16":"post-with-thumbnail-large","18":"first","19":"outofstock","20":"sale","21":"taxable","22":"shipping-taxable","23":"purchasable","24":"product-type-simple"},"_links":{"self":[{"href":"https:\/\/troypetshop.com\/fr\/wp-json\/wp\/v2\/product\/7416","targetHints":{"allow":["GET"]}}],"collection":[{"href":"https:\/\/troypetshop.com\/fr\/wp-json\/wp\/v2\/product"}],"about":[{"href":"https:\/\/troypetshop.com\/fr\/wp-json\/wp\/v2\/types\/product"}],"replies":[{"embeddable":true,"href":"https:\/\/troypetshop.com\/fr\/wp-json\/wp\/v2\/comments?post=7416"}],"wp:featuredmedia":[{"embeddable":true,"href":"https:\/\/troypetshop.com\/fr\/wp-json\/wp\/v2\/media\/7439"}],"wp:attachment":[{"href":"https:\/\/troypetshop.com\/fr\/wp-json\/wp\/v2\/media?parent=7416"}],"wp:term":[{"taxonomy":"product_brand","embeddable":true,"href":"https:\/\/troypetshop.com\/fr\/wp-json\/wp\/v2\/product_brand?post=7416"},{"taxonomy":"product_cat","embeddable":true,"href":"https:\/\/troypetshop.com\/fr\/wp-json\/wp\/v2\/product_cat?post=7416"},{"taxonomy":"product_tag","embeddable":true,"href":"https:\/\/troypetshop.com\/fr\/wp-json\/wp\/v2\/product_tag?post=7416"}],"curies":[{"name":"wp","href":"https:\/\/api.w.org\/{rel}","templated":true}]}}