{"id":8166,"date":"2025-05-19T21:35:56","date_gmt":"2025-05-19T19:35:56","guid":{"rendered":"https:\/\/troypetshop.com\/?post_type=product&#038;p=8166"},"modified":"2026-02-28T16:53:09","modified_gmt":"2026-02-28T15:53:09","slug":"porteurs-en-plastique-pour-animaux-de-compagnie-copy","status":"publish","type":"product","link":"https:\/\/troypetshop.com\/fr\/product\/porteurs-en-plastique-pour-animaux-de-compagnie-copy\/","title":{"rendered":"Porteurs en plastique pour animaux de compagnie"},"content":{"rendered":"","protected":false},"excerpt":{"rendered":"<p>Porte l\u00e9g\u00e8re en plastique pour les petites tailles et en m\u00e9tal pour les grandes tailles. Il y a de nombreux trous en haut du chariot pour que les animaux puissent respirer. Gr\u00e2ce au syst\u00e8me de glissi\u00e8re, le transport peut \u00eatre ouvert et ferm\u00e9 facilement. Structure l\u00e9g\u00e8re et robuste. Capacit\u00e9 de charge confortable jusqu&rsquo;\u00e0 6 kg pour les petites tailles et 12 kg pour les grandes tailles.    <\/p>\n<ul>\n<li>Petit format Dimensions : 48 x 32 x 28 cm<\/li>\n<li>Grande taille Dimensions : 58 x 37 x 37 cm<\/li>\n<\/ul>\n<p>It is not suitable for leaving the animal in the cage for a long time.<\/p>\n<p><strong>Please select Size option before adding to the Cart<\/strong><\/p>\n","protected":false},"featured_media":8173,"comment_status":"open","ping_status":"closed","template":"","meta":[],"product_brand":[],"product_cat":[1101,458,1491],"product_tag":[1091,1090,1439],"class_list":{"0":"post-8166","1":"product","2":"type-product","3":"status-publish","4":"has-post-thumbnail","6":"product_cat-accessoires-pour-chats-et-chiens","7":"product_cat-nos-produits","8":"product_cat-porteurs-danimaux","9":"product_tag-cat-fr","10":"product_tag-chien","11":"product_tag-transporteur","12":"post","13":"post-with-thumbnail","14":"post-with-thumbnail-large","16":"first","17":"instock","18":"sale","19":"taxable","20":"shipping-taxable","21":"purchasable","22":"product-type-variable"},"_links":{"self":[{"href":"https:\/\/troypetshop.com\/fr\/wp-json\/wp\/v2\/product\/8166","targetHints":{"allow":["GET"]}}],"collection":[{"href":"https:\/\/troypetshop.com\/fr\/wp-json\/wp\/v2\/product"}],"about":[{"href":"https:\/\/troypetshop.com\/fr\/wp-json\/wp\/v2\/types\/product"}],"replies":[{"embeddable":true,"href":"https:\/\/troypetshop.com\/fr\/wp-json\/wp\/v2\/comments?post=8166"}],"wp:featuredmedia":[{"embeddable":true,"href":"https:\/\/troypetshop.com\/fr\/wp-json\/wp\/v2\/media\/8173"}],"wp:attachment":[{"href":"https:\/\/troypetshop.com\/fr\/wp-json\/wp\/v2\/media?parent=8166"}],"wp:term":[{"taxonomy":"product_brand","embeddable":true,"href":"https:\/\/troypetshop.com\/fr\/wp-json\/wp\/v2\/product_brand?post=8166"},{"taxonomy":"product_cat","embeddable":true,"href":"https:\/\/troypetshop.com\/fr\/wp-json\/wp\/v2\/product_cat?post=8166"},{"taxonomy":"product_tag","embeddable":true,"href":"https:\/\/troypetshop.com\/fr\/wp-json\/wp\/v2\/product_tag?post=8166"}],"curies":[{"name":"wp","href":"https:\/\/api.w.org\/{rel}","templated":true}]}}