{"id":8785,"date":"2025-05-29T17:20:57","date_gmt":"2025-05-29T14:20:57","guid":{"rendered":"https:\/\/troypetshop.com\/?post_type=product&#038;p=8785"},"modified":"2026-04-06T15:00:15","modified_gmt":"2026-04-06T13:00:15","slug":"siege-et-lit-de-voiture-pour-animaux-de-compagnie","status":"publish","type":"product","link":"https:\/\/troypetshop.com\/fr\/product\/siege-et-lit-de-voiture-pour-animaux-de-compagnie\/","title":{"rendered":"Si\u00e8ge et lit de voiture pour chien de qualit\u00e9 sup\u00e9rieure"},"content":{"rendered":"","protected":false},"excerpt":{"rendered":"<p>Premium Si\u00e8ge et lit de voiture pour pour animaux de compagnie<\/p>\n<p>Permet \u00e0 votre animal de voyager en toute s\u00e9curit\u00e9 et confortablement. Le lit de voyage est fabriqu\u00e9 en tissu hydrofuge de haute qualit\u00e9, ce qui permet de le nettoyer facilement et de le garder propre. La doublure int\u00e9rieure est enti\u00e8rement amovible pour faciliter le lavage et le nettoyage. La housse ext\u00e9rieure est lavable en machine \u00e0 30\u00b0C. Le fond du lit pour chien est recouvert d&rsquo;argile antid\u00e9rapante.<\/p>\n<p>Il peut \u00eatre fix\u00e9 \u00e0 la voiture \u00e0 l&rsquo;aide de sangles sur les si\u00e8ges avant et arri\u00e8re. Le harnais du chien peut \u00e9galement \u00eatre attach\u00e9 \u00e0 un mousqueton pour une plus grande s\u00e9curit\u00e9 avec la ceinture de s\u00e9curit\u00e9 int\u00e9gr\u00e9e.<\/p>\n<p>Il est dot\u00e9 de grandes poches sur les c\u00f4t\u00e9s.<\/p>\n<p><strong><b>Dimensions :<\/b><\/strong><\/p>\n<p>Dimensions du lit : 55\u00d750 cm<br \/>\nDimensions de l&rsquo;oreiller : 46\u00d740 cm<br \/>\nHauteur : c\u00f4t\u00e9s : 15 cm ; dossier : 32 cmJouets pour chats<\/p>\n<p>Veuillez s\u00e9lectionner une couleur avant d&rsquo;ajouter l&rsquo;article au panier.<\/p>\n","protected":false},"featured_media":8764,"comment_status":"open","ping_status":"closed","template":"","meta":[],"product_brand":[],"product_cat":[1101,1077,1022,1148,1149,2340],"product_tag":[1092,1091,1609,1090,1152,1907,1608],"class_list":{"0":"post-8785","1":"product","2":"type-product","3":"status-publish","4":"has-post-thumbnail","6":"product_cat-accessoires-pour-chats-et-chiens","7":"product_cat-cat-fr","8":"product_cat-chien","9":"product_cat-lits","10":"product_cat-lits-et-maisons-pour-chiens","11":"product_cat-siege-de-voiture","12":"product_tag-animal-de-compagnie","13":"product_tag-cat-fr","14":"product_tag-ceinture-de-securite","15":"product_tag-chien","16":"product_tag-chien-de-petite-race","17":"product_tag-siege-auto","18":"product_tag-sur","19":"post","20":"post-with-thumbnail","21":"post-with-thumbnail-large","23":"first","24":"instock","25":"sale","26":"taxable","27":"shipping-taxable","28":"purchasable","29":"product-type-variable"},"_links":{"self":[{"href":"https:\/\/troypetshop.com\/fr\/wp-json\/wp\/v2\/product\/8785","targetHints":{"allow":["GET"]}}],"collection":[{"href":"https:\/\/troypetshop.com\/fr\/wp-json\/wp\/v2\/product"}],"about":[{"href":"https:\/\/troypetshop.com\/fr\/wp-json\/wp\/v2\/types\/product"}],"replies":[{"embeddable":true,"href":"https:\/\/troypetshop.com\/fr\/wp-json\/wp\/v2\/comments?post=8785"}],"wp:featuredmedia":[{"embeddable":true,"href":"https:\/\/troypetshop.com\/fr\/wp-json\/wp\/v2\/media\/8764"}],"wp:attachment":[{"href":"https:\/\/troypetshop.com\/fr\/wp-json\/wp\/v2\/media?parent=8785"}],"wp:term":[{"taxonomy":"product_brand","embeddable":true,"href":"https:\/\/troypetshop.com\/fr\/wp-json\/wp\/v2\/product_brand?post=8785"},{"taxonomy":"product_cat","embeddable":true,"href":"https:\/\/troypetshop.com\/fr\/wp-json\/wp\/v2\/product_cat?post=8785"},{"taxonomy":"product_tag","embeddable":true,"href":"https:\/\/troypetshop.com\/fr\/wp-json\/wp\/v2\/product_tag?post=8785"}],"curies":[{"name":"wp","href":"https:\/\/api.w.org\/{rel}","templated":true}]}}