{"id":8795,"date":"2025-05-25T18:59:16","date_gmt":"2025-05-25T16:59:16","guid":{"rendered":"https:\/\/troypetshop.com\/?post_type=product&#038;p=8795"},"modified":"2026-02-28T16:53:13","modified_gmt":"2026-02-28T15:53:13","slug":"maison-pour-animaux","status":"publish","type":"product","link":"https:\/\/troypetshop.com\/fr\/product\/maison-pour-animaux\/","title":{"rendered":"Maison pour animaux"},"content":{"rendered":"","protected":false},"excerpt":{"rendered":"<p>Magnifique lit pliable, adapt\u00e9 aux petits chiens et aux chats. Fournit un endroit confortable et chaud \u00e0 votre animal de compagnie pour se reposer, dormir et jouer, peut \u00eatre d\u00e9mont\u00e9 et facilement nettoy\u00e9, pour maintenir efficacement la sant\u00e9 des animaux de compagnie, le coussin inf\u00e9rieur est amovible pour un nettoyage pratique. Sa conception innovante \u00e0 double toit offre une ventilation et un confort accrus, tout en \u00e9tant facile \u00e0 plier et \u00e0 transporter.<\/p>\n<ul>\n<li>Le chenil est spacieux et parfait pour les chats de grande race ou les petits chiens.<\/li>\n<li>Cette maison offre \u00e0 votre chien un abri s\u00fbr et durable, et constitue \u00e9galement une excellente solution pour les chats.<\/li>\n<li>La maison est amovible et a \u00e9t\u00e9 con\u00e7ue pour am\u00e9liorer le confort de votre ami.<\/li>\n<li>Fabriqu\u00e9 en feutre doux, il est facilement d\u00e9montable gr\u00e2ce \u00e0 la fermeture \u00e0 glissi\u00e8re.<\/li>\n<li>Pour ne pas prendre de place lorsque vous n&rsquo;en avez pas besoin. Son poids l\u00e9ger (environ 1 kg) vous permettra de le d\u00e9placer facilement dans toutes les pi\u00e8ces de la maison.<\/li>\n<li>Couleurs : Violet et bleu fonc\u00e9<\/li>\n<\/ul>\n<p>Dimensions : Longueur 55 cm, Largeur 40 cm, Hauteur 45 cm<\/p>\n<p><strong>Veuillez s\u00e9lectionner la couleur avant d&rsquo;ajouter au panier. <\/strong><\/p>\n","protected":false},"featured_media":8695,"comment_status":"open","ping_status":"closed","template":"","meta":[],"product_brand":[],"product_cat":[1101,1077,1022,1149,1197],"product_tag":[1191,1910,1920],"class_list":{"0":"post-8795","1":"product","2":"type-product","3":"status-publish","4":"has-post-thumbnail","6":"product_cat-accessoires-pour-chats-et-chiens","7":"product_cat-cat-fr","8":"product_cat-chien","9":"product_cat-lits-et-maisons-pour-chiens","10":"product_cat-maison-pour-chat-et-griffoir","11":"product_tag-interieur","12":"product_tag-lieu-propre","13":"product_tag-lit-dappoint","14":"post","15":"post-with-thumbnail","16":"post-with-thumbnail-large","18":"first","19":"instock","20":"sale","21":"taxable","22":"shipping-taxable","23":"purchasable","24":"product-type-variable"},"_links":{"self":[{"href":"https:\/\/troypetshop.com\/fr\/wp-json\/wp\/v2\/product\/8795","targetHints":{"allow":["GET"]}}],"collection":[{"href":"https:\/\/troypetshop.com\/fr\/wp-json\/wp\/v2\/product"}],"about":[{"href":"https:\/\/troypetshop.com\/fr\/wp-json\/wp\/v2\/types\/product"}],"replies":[{"embeddable":true,"href":"https:\/\/troypetshop.com\/fr\/wp-json\/wp\/v2\/comments?post=8795"}],"wp:featuredmedia":[{"embeddable":true,"href":"https:\/\/troypetshop.com\/fr\/wp-json\/wp\/v2\/media\/8695"}],"wp:attachment":[{"href":"https:\/\/troypetshop.com\/fr\/wp-json\/wp\/v2\/media?parent=8795"}],"wp:term":[{"taxonomy":"product_brand","embeddable":true,"href":"https:\/\/troypetshop.com\/fr\/wp-json\/wp\/v2\/product_brand?post=8795"},{"taxonomy":"product_cat","embeddable":true,"href":"https:\/\/troypetshop.com\/fr\/wp-json\/wp\/v2\/product_cat?post=8795"},{"taxonomy":"product_tag","embeddable":true,"href":"https:\/\/troypetshop.com\/fr\/wp-json\/wp\/v2\/product_tag?post=8795"}],"curies":[{"name":"wp","href":"https:\/\/api.w.org\/{rel}","templated":true}]}}