{"id":8801,"date":"2025-05-25T13:44:56","date_gmt":"2025-05-25T11:44:56","guid":{"rendered":"https:\/\/troypetshop.com\/?post_type=product&#038;p=8801"},"modified":"2026-02-28T16:53:13","modified_gmt":"2026-02-28T15:53:13","slug":"badge-pour-animaux-domestiques","status":"publish","type":"product","link":"https:\/\/troypetshop.com\/fr\/product\/badge-pour-animaux-domestiques\/","title":{"rendered":"Plaque en acier inoxydable pour animaux de compagnie"},"content":{"rendered":"","protected":false},"excerpt":{"rendered":"<p>Plaque nominative en acier inoxydable Nunbell en forme d&rsquo;os pour animaux de compagnie :<\/p>\n<p>Si votre chien ou votre chat se perd, des informations peuvent l&rsquo;aider \u00e0 retrouver rapidement son ma\u00eetre.<\/p>\n<p>Le porte-nom Nunbell pour animaux de compagnie est un accessoire d&rsquo;identification \u00e9l\u00e9gant et durable, \u00e0 la fois pratique et esth\u00e9tique, qui vous permet d&rsquo;inscrire facilement le nom de votre animal. Le pendentif est fabriqu\u00e9 en acier inoxydable r\u00e9sistant \u00e0 la corrosion et aux intemp\u00e9ries, ce qui lui assure une longue dur\u00e9e de vie.<\/p>\n<p>Dimensions : 46 x 30 x 2 mm : 46 x 30 x 2 mm<br \/>\nDisponible en 4 couleurs : Rouge, bleu, rose et noir.<\/p>\n","protected":false},"featured_media":8682,"comment_status":"open","ping_status":"closed","template":"","meta":[],"product_brand":[],"product_cat":[1101,1077,1022],"product_tag":[1218,1091,1090,1931,1902,1899],"class_list":{"0":"post-8801","1":"product","2":"type-product","3":"status-publish","4":"has-post-thumbnail","6":"product_cat-accessoires-pour-chats-et-chiens","7":"product_cat-cat-fr","8":"product_cat-chien","9":"product_tag-acier","10":"product_tag-cat-fr","11":"product_tag-chien","12":"product_tag-inoxydable","13":"product_tag-nunbell-fr","14":"product_tag-plaque-didentification","15":"post","16":"post-with-thumbnail","17":"post-with-thumbnail-large","19":"first","20":"instock","21":"sale","22":"taxable","23":"shipping-taxable","24":"purchasable","25":"product-type-variable"},"_links":{"self":[{"href":"https:\/\/troypetshop.com\/fr\/wp-json\/wp\/v2\/product\/8801","targetHints":{"allow":["GET"]}}],"collection":[{"href":"https:\/\/troypetshop.com\/fr\/wp-json\/wp\/v2\/product"}],"about":[{"href":"https:\/\/troypetshop.com\/fr\/wp-json\/wp\/v2\/types\/product"}],"replies":[{"embeddable":true,"href":"https:\/\/troypetshop.com\/fr\/wp-json\/wp\/v2\/comments?post=8801"}],"wp:featuredmedia":[{"embeddable":true,"href":"https:\/\/troypetshop.com\/fr\/wp-json\/wp\/v2\/media\/8682"}],"wp:attachment":[{"href":"https:\/\/troypetshop.com\/fr\/wp-json\/wp\/v2\/media?parent=8801"}],"wp:term":[{"taxonomy":"product_brand","embeddable":true,"href":"https:\/\/troypetshop.com\/fr\/wp-json\/wp\/v2\/product_brand?post=8801"},{"taxonomy":"product_cat","embeddable":true,"href":"https:\/\/troypetshop.com\/fr\/wp-json\/wp\/v2\/product_cat?post=8801"},{"taxonomy":"product_tag","embeddable":true,"href":"https:\/\/troypetshop.com\/fr\/wp-json\/wp\/v2\/product_tag?post=8801"}],"curies":[{"name":"wp","href":"https:\/\/api.w.org\/{rel}","templated":true}]}}