{"id":8829,"date":"2025-05-22T20:40:36","date_gmt":"2025-05-22T18:40:36","guid":{"rendered":"https:\/\/troypetshop.com\/product\/sac-a-dos-denim-pour-chat\/"},"modified":"2026-02-28T16:42:25","modified_gmt":"2026-02-28T15:42:25","slug":"sac-a-dos-denim-pour-chat","status":"publish","type":"product","link":"https:\/\/troypetshop.com\/fr\/product\/sac-a-dos-denim-pour-chat\/","title":{"rendered":"Sac \u00e0 dos Denim pour chat"},"content":{"rendered":"","protected":false},"excerpt":{"rendered":"<p>Caract\u00e9ristiques :<br \/>\nUn endroit confortable o\u00f9 votre chat peut rester en s\u00e9curit\u00e9 pendant que vous \u00eates dehors avec lui.<br \/>\nQue vous le portiez \u00e0 l&rsquo;avant ou \u00e0 l&rsquo;arri\u00e8re, il facilite le transport de votre animal de compagnie pendant les promenades, les voyages, les randonn\u00e9es \u00e0 v\u00e9lo ou \u00e0 pied, etc. Il est facile \u00e0 transporter.<br \/>\nConvient aux chats, chiens, lapins et autres petits animaux. <\/p>\n<p><strong>Taille : Approx. : 32x25x39cm \/ 12.60&#215;9.84&#215;15.35inch <\/strong><\/p>\n<p>&nbsp;<\/p>\n<p id=\"title\" class=\"a-size-large a-spacing-none\">\n","protected":false},"featured_media":8292,"comment_status":"open","ping_status":"closed","template":"","meta":[],"product_brand":[],"product_cat":[1101,1077,1022,1491],"product_tag":[1092,1757,1756,1439],"class_list":{"0":"post-8829","1":"product","2":"type-product","3":"status-publish","4":"has-post-thumbnail","6":"product_cat-accessoires-pour-chats-et-chiens","7":"product_cat-cat-fr","8":"product_cat-chien","9":"product_cat-porteurs-danimaux","10":"product_tag-animal-de-compagnie","11":"product_tag-denim-fr","12":"product_tag-sac-a-dos","13":"product_tag-transporteur","14":"post","15":"post-with-thumbnail","16":"post-with-thumbnail-large","18":"first","19":"instock","20":"sale","21":"taxable","22":"shipping-taxable","23":"purchasable","24":"product-type-simple"},"_links":{"self":[{"href":"https:\/\/troypetshop.com\/fr\/wp-json\/wp\/v2\/product\/8829","targetHints":{"allow":["GET"]}}],"collection":[{"href":"https:\/\/troypetshop.com\/fr\/wp-json\/wp\/v2\/product"}],"about":[{"href":"https:\/\/troypetshop.com\/fr\/wp-json\/wp\/v2\/types\/product"}],"replies":[{"embeddable":true,"href":"https:\/\/troypetshop.com\/fr\/wp-json\/wp\/v2\/comments?post=8829"}],"wp:featuredmedia":[{"embeddable":true,"href":"https:\/\/troypetshop.com\/fr\/wp-json\/wp\/v2\/media\/8292"}],"wp:attachment":[{"href":"https:\/\/troypetshop.com\/fr\/wp-json\/wp\/v2\/media?parent=8829"}],"wp:term":[{"taxonomy":"product_brand","embeddable":true,"href":"https:\/\/troypetshop.com\/fr\/wp-json\/wp\/v2\/product_brand?post=8829"},{"taxonomy":"product_cat","embeddable":true,"href":"https:\/\/troypetshop.com\/fr\/wp-json\/wp\/v2\/product_cat?post=8829"},{"taxonomy":"product_tag","embeddable":true,"href":"https:\/\/troypetshop.com\/fr\/wp-json\/wp\/v2\/product_tag?post=8829"}],"curies":[{"name":"wp","href":"https:\/\/api.w.org\/{rel}","templated":true}]}}