{"id":8902,"date":"2025-05-14T18:22:20","date_gmt":"2025-05-14T16:22:20","guid":{"rendered":"https:\/\/troypetshop.com\/product\/mini-laisse-de-promenade-pour-chien\/"},"modified":"2026-02-28T16:53:19","modified_gmt":"2026-02-28T15:53:19","slug":"mini-laisse-de-promenade-pour-chien","status":"publish","type":"product","link":"https:\/\/troypetshop.com\/fr\/product\/mini-laisse-de-promenade-pour-chien\/","title":{"rendered":"Laisse en nylon vert"},"content":{"rendered":"","protected":false},"excerpt":{"rendered":"<p class=\"product_title entry-title wd-entities-title\">Nunbell Green Nylon Pet Walking Hand Leash<\/p>\n<p>La laisse Nunbell en nylon de couleur unie est la combinaison id\u00e9ale de l&rsquo;\u00e9l\u00e9gance, de la durabilit\u00e9 et de la fonctionnalit\u00e9, con\u00e7ue pour am\u00e9liorer votre exp\u00e9rience de promenade avec votre animal de compagnie. Fabriqu\u00e9e \u00e0 partir de mat\u00e9riaux de qualit\u00e9 sup\u00e9rieure et durables, cette laisse est \u00e0 la fois r\u00e9sistante et confortable, ce qui garantit que chaque sortie est s\u00fbre et agr\u00e9able. <\/p>\n<ul>\n<li>Couleur = vert,<\/li>\n<li>Longueur = 110 cm<\/li>\n<\/ul>\n","protected":false},"featured_media":7828,"comment_status":"open","ping_status":"closed","template":"","meta":[],"product_brand":[],"product_cat":[1022,1023,1024,1041],"product_tag":[1092,1091,1090,1042],"class_list":{"0":"post-8902","1":"product","2":"type-product","3":"status-publish","4":"has-post-thumbnail","6":"product_cat-chien","7":"product_cat-colliers-et-laisses-pour-chiens","8":"product_cat-colliers-pour-chats","9":"product_cat-laisses-pour-chiens","10":"product_tag-animal-de-compagnie","11":"product_tag-cat-fr","12":"product_tag-chien","13":"product_tag-laisse","14":"post","15":"post-with-thumbnail","16":"post-with-thumbnail-large","18":"first","19":"instock","20":"sale","21":"taxable","22":"shipping-taxable","23":"purchasable","24":"product-type-variable"},"_links":{"self":[{"href":"https:\/\/troypetshop.com\/fr\/wp-json\/wp\/v2\/product\/8902","targetHints":{"allow":["GET"]}}],"collection":[{"href":"https:\/\/troypetshop.com\/fr\/wp-json\/wp\/v2\/product"}],"about":[{"href":"https:\/\/troypetshop.com\/fr\/wp-json\/wp\/v2\/types\/product"}],"replies":[{"embeddable":true,"href":"https:\/\/troypetshop.com\/fr\/wp-json\/wp\/v2\/comments?post=8902"}],"wp:featuredmedia":[{"embeddable":true,"href":"https:\/\/troypetshop.com\/fr\/wp-json\/wp\/v2\/media\/7828"}],"wp:attachment":[{"href":"https:\/\/troypetshop.com\/fr\/wp-json\/wp\/v2\/media?parent=8902"}],"wp:term":[{"taxonomy":"product_brand","embeddable":true,"href":"https:\/\/troypetshop.com\/fr\/wp-json\/wp\/v2\/product_brand?post=8902"},{"taxonomy":"product_cat","embeddable":true,"href":"https:\/\/troypetshop.com\/fr\/wp-json\/wp\/v2\/product_cat?post=8902"},{"taxonomy":"product_tag","embeddable":true,"href":"https:\/\/troypetshop.com\/fr\/wp-json\/wp\/v2\/product_tag?post=8902"}],"curies":[{"name":"wp","href":"https:\/\/api.w.org\/{rel}","templated":true}]}}