{"id":8923,"date":"2025-05-07T15:47:19","date_gmt":"2025-05-07T13:47:19","guid":{"rendered":"https:\/\/troypetshop.com\/product\/laisse-retractable-automatique-pour-animaux-de-compagnie\/"},"modified":"2026-02-28T16:53:20","modified_gmt":"2026-02-28T15:53:20","slug":"laisse-retractable-automatique","status":"publish","type":"product","link":"https:\/\/troypetshop.com\/fr\/product\/laisse-retractable-automatique\/","title":{"rendered":"Laisse r\u00e9tractable automatique"},"content":{"rendered":"","protected":false},"excerpt":{"rendered":"<p><span class=\"a-list-item\"><strong>Laisse r\u00e9tractable durable pour animaux de compagnie<\/strong>: Laisse \u00e0 ruban \u00e0 r\u00e9traction facile \u00e0 r\u00e9gler. <\/span>Elle vous permet d&rsquo;offrir \u00e0 votre animal une grande libert\u00e9 de mouvement. Produit Nunbell.<\/p>\n<ul>\n<li>Cette laisse est parfaite pour les animaux de petite et moyenne taille.<\/li>\n<li>Le mod\u00e8le \u00e0 3 m\u00e8tres convient aux animaux de compagnie pesant jusqu&rsquo;\u00e0 8 kg.<\/li>\n<li>Le mod\u00e8le de 5 m\u00e8tres convient aux chiens pesant jusqu&rsquo;\u00e0 14 kg.<\/li>\n<li>Le syst\u00e8me de freinage et de verrouillage d&rsquo;une seule main arr\u00eate la progression de l&rsquo;animal.<\/li>\n<li>Les poign\u00e9es sont fabriqu\u00e9es en TPE et PP, des mat\u00e9riaux respectueux de l&rsquo;environnement qui ne causent pas d&rsquo;allergies aux animaux domestiques ou \u00e0 la peau humaine.<\/li>\n<li>Bouton de contr\u00f4le \u00e0 une touche pour desserrer et serrer la lani\u00e8re, facile et pratique.<\/li>\n<li>Poign\u00e9e<span class=\"a-list-item\">large et antid\u00e9rapante<\/span>pour une prise en main facile, m\u00eame avec des gants ou des mitaines. <span class=\"a-list-item\">Conception ergonomique etpoign\u00e9e souple.<\/span><\/li>\n<li>Facile \u00e0 contr\u00f4ler et suffisamment s\u00fbr lorsque votre chien tire ou court. Le mouvement de la ceinture \u00e0 360 degr\u00e9s sans enchev\u00eatrement garantit une exp\u00e9rience de marche agr\u00e9able pour votre animal.<\/li>\n<li>Conception r\u00e9tractable, la laisse peut s&rsquo;\u00e9tirer et se r\u00e9tracter automatiquement.<\/li>\n<li>Le paquet comprend : 1 laisse r\u00e9tractable pour animaux de compagnie.<\/li>\n<\/ul>\n<p><strong>Veuillez s\u00e9lectionner la longueur avant d&rsquo;ajouter au panier.<\/strong><\/p>\n","protected":false},"featured_media":7475,"comment_status":"open","ping_status":"closed","template":"","meta":[],"product_brand":[],"product_cat":[1022,1023,1024],"product_tag":[1091,1090,1027,1042],"class_list":{"0":"post-8923","1":"product","2":"type-product","3":"status-publish","4":"has-post-thumbnail","6":"product_cat-chien","7":"product_cat-colliers-et-laisses-pour-chiens","8":"product_cat-colliers-pour-chats","9":"product_tag-cat-fr","10":"product_tag-chien","11":"product_tag-collier","12":"product_tag-laisse","13":"post","14":"post-with-thumbnail","15":"post-with-thumbnail-large","17":"first","18":"instock","19":"sale","20":"taxable","21":"shipping-taxable","22":"purchasable","23":"product-type-variable"},"_links":{"self":[{"href":"https:\/\/troypetshop.com\/fr\/wp-json\/wp\/v2\/product\/8923","targetHints":{"allow":["GET"]}}],"collection":[{"href":"https:\/\/troypetshop.com\/fr\/wp-json\/wp\/v2\/product"}],"about":[{"href":"https:\/\/troypetshop.com\/fr\/wp-json\/wp\/v2\/types\/product"}],"replies":[{"embeddable":true,"href":"https:\/\/troypetshop.com\/fr\/wp-json\/wp\/v2\/comments?post=8923"}],"wp:featuredmedia":[{"embeddable":true,"href":"https:\/\/troypetshop.com\/fr\/wp-json\/wp\/v2\/media\/7475"}],"wp:attachment":[{"href":"https:\/\/troypetshop.com\/fr\/wp-json\/wp\/v2\/media?parent=8923"}],"wp:term":[{"taxonomy":"product_brand","embeddable":true,"href":"https:\/\/troypetshop.com\/fr\/wp-json\/wp\/v2\/product_brand?post=8923"},{"taxonomy":"product_cat","embeddable":true,"href":"https:\/\/troypetshop.com\/fr\/wp-json\/wp\/v2\/product_cat?post=8923"},{"taxonomy":"product_tag","embeddable":true,"href":"https:\/\/troypetshop.com\/fr\/wp-json\/wp\/v2\/product_tag?post=8923"}],"curies":[{"name":"wp","href":"https:\/\/api.w.org\/{rel}","templated":true}]}}